{"id":5605,"date":"2024-12-03T13:07:55","date_gmt":"2024-12-03T12:07:55","guid":{"rendered":"https:\/\/www.wagnerverlag.at\/content\/?post_type=product&#038;p=5605"},"modified":"2024-12-03T13:17:28","modified_gmt":"2024-12-03T12:17:28","slug":"von-der-kriegs-zur-friedenscaritas","status":"publish","type":"product","link":"https:\/\/www.wagnerverlag.at\/content\/?product=von-der-kriegs-zur-friedenscaritas","title":{"rendered":"Von der Kriegs- zur Friedens-Caritas"},"content":{"rendered":"<p>Autor: Franz K\u00fcberl<\/p>\n<p>232 Seiten, farbig bebildert<\/p>\n<p>ISBN: 978-3-903040-86-1<\/p>\n<p>Ladenpreis: 28,00 Euro<\/p>\n<p>&nbsp;<\/p>\n","protected":false},"excerpt":{"rendered":"<p>In mehreren Kapiteln n\u00e4hert sich mit Franz K\u00fcberl erstmals ein Autor dem Thema Caritas in der Epoche der Nachkriegszeit. Als ehemaliger Pr\u00e4sident der Caritas \u00d6sterreich beschreibt K\u00fcberl einerseits den strukturellen Wechsel der Caritas nach 1945 weg von den selbst\u00e4ndigen regionalen Caritasverb\u00e4nden hin zu den di\u00f6zesanen Caritasorganisationen unter jeweiliger bisch\u00f6flicher Leitung.<\/p>\n<p>In der Hauptsache berichtet der Autor von den verschiedensten und zum Teil spektakul\u00e4ren Hilfsaktionen, mit denen Caritas nach 1945 versuchte, Not und Elend der Menschen zu lindern. Die Aktionen reichten von der Bahnhofsmission bis zum Caritas-Suchdienst vermisster Angeh\u00f6riger, erstreckten sich \u00fcber die in- und ausl\u00e4ndischen Spenden- und HIlfsaktionen bis hin zu den Kindererholungsaktionen ins Ausland (Schweiz, Belgien, Spanien) u.v.a.m.<\/p>\n<p>Mit der neuen \u00c4ra nach 1945 und dem allm\u00e4hlichen Wiederaufbau stellten sich der Caritas aber auch neue, aktuelle Fragen. Mu\u00df an der Spitze der Caritas ein Geistlicher stehen? Wie konnte eine \u2013 von gegenseitiger Wertsch\u00e4tzung getragene \u2013 Zusammenarbeit von Priester und Laien gelingen? \u00a0Welchen Stellenwert hatten die Ordensschwestern, die bis zur Ersch\u00f6pfung in sozialen Feldern t\u00e4tig waren? Sollte Kirche nicht \u00fcberhaupt in erster Linie Caritas (Volks-Caritas) sein?<\/p>\n<p>Im Buch kommt eine Reihe von Caritas-Pionieren und Pionierinnen aller Di\u00f6zesen zu Wort. Zeitgen\u00f6ssisches Bild- und Quellenmaterial vermittelt einen direkten Zugang zu dieser Epoche. Verschiedene Tabellen und Verzeichnisse im Anhang laden zum Nachschlagen ein.<\/p>\n<p><a href=\"https:\/\/www.wagnerverlag.at\/content\/wp-content\/uploads\/2024\/12\/Inhaltsverzeichnis.pdf\">Inhaltsverzeichnis<\/a><\/p>\n<p><a href=\"https:\/\/www.wagnerverlag.at\/content\/wp-content\/uploads\/2024\/12\/Beispielkapitel.pdf\">Beispielkapitel<\/a><\/p>\n","protected":false},"featured_media":5607,"comment_status":"closed","ping_status":"closed","template":"","meta":{"pgc_meta":"","kia_subtitle":"Ihre Pionierleistung von 1945 - 1951"},"product_cat":[111],"product_tag":[469,385,468,407,470,444],"acf":[],"_links":{"self":[{"href":"https:\/\/www.wagnerverlag.at\/content\/index.php?rest_route=\/wp\/v2\/product\/5605"}],"collection":[{"href":"https:\/\/www.wagnerverlag.at\/content\/index.php?rest_route=\/wp\/v2\/product"}],"about":[{"href":"https:\/\/www.wagnerverlag.at\/content\/index.php?rest_route=\/wp\/v2\/types\/product"}],"replies":[{"embeddable":true,"href":"https:\/\/www.wagnerverlag.at\/content\/index.php?rest_route=%2Fwp%2Fv2%2Fcomments&post=5605"}],"wp:featuredmedia":[{"embeddable":true,"href":"https:\/\/www.wagnerverlag.at\/content\/index.php?rest_route=\/wp\/v2\/media\/5607"}],"wp:attachment":[{"href":"https:\/\/www.wagnerverlag.at\/content\/index.php?rest_route=%2Fwp%2Fv2%2Fmedia&parent=5605"}],"wp:term":[{"taxonomy":"product_cat","embeddable":true,"href":"https:\/\/www.wagnerverlag.at\/content\/index.php?rest_route=%2Fwp%2Fv2%2Fproduct_cat&post=5605"},{"taxonomy":"product_tag","embeddable":true,"href":"https:\/\/www.wagnerverlag.at\/content\/index.php?rest_route=%2Fwp%2Fv2%2Fproduct_tag&post=5605"}],"curies":[{"name":"wp","href":"https:\/\/api.w.org\/{rel}","templated":true}]}}