{"id":5568,"date":"2024-09-13T10:18:25","date_gmt":"2024-09-13T09:18:25","guid":{"rendered":"https:\/\/www.wagnerverlag.at\/content\/?post_type=product&#038;p=5568"},"modified":"2024-09-13T14:43:09","modified_gmt":"2024-09-13T13:43:09","slug":"initiative-friedensdienst","status":"publish","type":"product","link":"https:\/\/www.wagnerverlag.at\/content\/?product=initiative-friedensdienst","title":{"rendered":"Initiative Friedensdienst"},"content":{"rendered":"<p>Markus Lehner<\/p>\n<p>ISBN: 978-3-903040-84-7<\/p>\n<p>softcover<\/p>\n<p>120 S., bebildert<\/p>\n<p>&nbsp;<\/p>\n","protected":false},"excerpt":{"rendered":"<p>Im Umfeld der Friedensbewegung der 1980er Jahre wollte eine Gruppe k\u00fcnftiger Zivildiener den<br \/>\nZivildienst von seiner Beschr\u00e4nkung auf reine Hilfst\u00e4tigkeiten befreien und den Einsatz f\u00fcr<br \/>\nGewaltfreiheit und Frieden erm\u00f6glichen. Trotz vieler Widerst\u00e4nde konnten sie 1983 ihren<br \/>\nFriedensdienst im Rahmen der Arbeitsgemeinschaft Katholische Jugend und Jungschar<br \/>\nstarten. Weitere f\u00fcnf Gruppen f\u00fchrten bis 1994 diese Initiative fort. Eine Aufarbeitung der<br \/>\nschriftlichen Quellen und Interviews mit den TeilnehmerInnen ergeben ein Bild dieses<br \/>\n\u00f6sterreichweit einzigartigen Experiments und eine Einsch\u00e4tzung seiner Relevanz f\u00fcr heute.<\/p>\n<p><a href=\"https:\/\/www.wagnerverlag.at\/content\/wp-content\/uploads\/2024\/09\/Friedensdienst_p-4-8_Leseprobe.pdf\">Friedensdienst_p 4-8_Leseprobe<\/a><\/p>\n","protected":false},"featured_media":5569,"comment_status":"closed","ping_status":"closed","template":"","meta":{"pgc_meta":"","kia_subtitle":"Wege gewaltfreier Konfliktl\u00f6sung"},"product_cat":[117],"product_tag":[172,457,458,460,459],"acf":[],"_links":{"self":[{"href":"https:\/\/www.wagnerverlag.at\/content\/index.php?rest_route=\/wp\/v2\/product\/5568"}],"collection":[{"href":"https:\/\/www.wagnerverlag.at\/content\/index.php?rest_route=\/wp\/v2\/product"}],"about":[{"href":"https:\/\/www.wagnerverlag.at\/content\/index.php?rest_route=\/wp\/v2\/types\/product"}],"replies":[{"embeddable":true,"href":"https:\/\/www.wagnerverlag.at\/content\/index.php?rest_route=%2Fwp%2Fv2%2Fcomments&post=5568"}],"wp:featuredmedia":[{"embeddable":true,"href":"https:\/\/www.wagnerverlag.at\/content\/index.php?rest_route=\/wp\/v2\/media\/5569"}],"wp:attachment":[{"href":"https:\/\/www.wagnerverlag.at\/content\/index.php?rest_route=%2Fwp%2Fv2%2Fmedia&parent=5568"}],"wp:term":[{"taxonomy":"product_cat","embeddable":true,"href":"https:\/\/www.wagnerverlag.at\/content\/index.php?rest_route=%2Fwp%2Fv2%2Fproduct_cat&post=5568"},{"taxonomy":"product_tag","embeddable":true,"href":"https:\/\/www.wagnerverlag.at\/content\/index.php?rest_route=%2Fwp%2Fv2%2Fproduct_tag&post=5568"}],"curies":[{"name":"wp","href":"https:\/\/api.w.org\/{rel}","templated":true}]}}