{"id":5558,"date":"2024-07-26T11:11:05","date_gmt":"2024-07-26T10:11:05","guid":{"rendered":"https:\/\/www.wagnerverlag.at\/content\/?post_type=product&#038;p=5558"},"modified":"2024-07-27T09:23:04","modified_gmt":"2024-07-27T08:23:04","slug":"gutes-leben","status":"publish","type":"product","link":"https:\/\/www.wagnerverlag.at\/content\/?product=gutes-leben","title":{"rendered":"Gutes Leben"},"content":{"rendered":"<p>Hrsg. Gabriele Eder-Cakl \/ Anna Findl-Ludescher<\/p>\n<p>ISBN978-3-903040-83-0<\/p>\n<p>199 S., softcover<\/p>\n<p>Bilder und Grafkiken<\/p>\n<p>&nbsp;<\/p>\n","protected":false},"excerpt":{"rendered":"<p>Wenn Kirche und Wirtschaft aufeinandertreffen, dann fallen zun\u00e4chst die Spannungen und Unterschiede auf.\u00a0 Wie der Band der \u00d6sterreichischen Pastoraltagung 2024 zeigt, sind f\u00fcr ein gutes Leben f\u00fcr alle\u00a0 jedoch beide gleicherma\u00dfen, und zum Teil eng verflochten, betroffen.<\/p>\n<p>&nbsp;<\/p>\n","protected":false},"featured_media":5559,"comment_status":"closed","ping_status":"closed","template":"","meta":{"pgc_meta":"","kia_subtitle":"Verantwortungsvolles Wirtschaften"},"product_cat":[115],"product_tag":[455,456],"acf":[],"_links":{"self":[{"href":"https:\/\/www.wagnerverlag.at\/content\/index.php?rest_route=\/wp\/v2\/product\/5558"}],"collection":[{"href":"https:\/\/www.wagnerverlag.at\/content\/index.php?rest_route=\/wp\/v2\/product"}],"about":[{"href":"https:\/\/www.wagnerverlag.at\/content\/index.php?rest_route=\/wp\/v2\/types\/product"}],"replies":[{"embeddable":true,"href":"https:\/\/www.wagnerverlag.at\/content\/index.php?rest_route=%2Fwp%2Fv2%2Fcomments&post=5558"}],"wp:featuredmedia":[{"embeddable":true,"href":"https:\/\/www.wagnerverlag.at\/content\/index.php?rest_route=\/wp\/v2\/media\/5559"}],"wp:attachment":[{"href":"https:\/\/www.wagnerverlag.at\/content\/index.php?rest_route=%2Fwp%2Fv2%2Fmedia&parent=5558"}],"wp:term":[{"taxonomy":"product_cat","embeddable":true,"href":"https:\/\/www.wagnerverlag.at\/content\/index.php?rest_route=%2Fwp%2Fv2%2Fproduct_cat&post=5558"},{"taxonomy":"product_tag","embeddable":true,"href":"https:\/\/www.wagnerverlag.at\/content\/index.php?rest_route=%2Fwp%2Fv2%2Fproduct_tag&post=5558"}],"curies":[{"name":"wp","href":"https:\/\/api.w.org\/{rel}","templated":true}]}}