{"id":5551,"date":"2024-07-16T10:34:41","date_gmt":"2024-07-16T09:34:41","guid":{"rendered":"https:\/\/www.wagnerverlag.at\/content\/?post_type=product&#038;p=5551"},"modified":"2024-07-16T11:06:40","modified_gmt":"2024-07-16T10:06:40","slug":"lux-aeterna-ewigkeit-jenseits-licht","status":"publish","type":"product","link":"https:\/\/www.wagnerverlag.at\/content\/?product=lux-aeterna-ewigkeit-jenseits-licht","title":{"rendered":"Lux aeterna &#8211; Ewigkeit. Jenseits. Licht"},"content":{"rendered":"<p>ISBN: 978-3-903040-82-3<\/p>\n<p>114 S., softcover, reich bebildert<\/p>\n<p>Ladenpreis: 25,00 Euro<\/p>\n","protected":false},"excerpt":{"rendered":"<p>Dieser Sammelband umfasst die Vortr\u00e4ge, die w\u00e4hrend der Disputationes im Rahmen der Ouverture spirituelle der Salzburger Festspiele 2023 gehalten wurden. Wie lange dauert Ewigkeit? Was macht man, wenn man zu viel Zeit hat oder sie zu Ende geht? Was kommt danach \u2013 H\u00f6lle, Paradies oder beginnt alles von vorne? Ist Unsterblichkeit wirklich erstrebenswert? Kann man Licht h\u00f6ren? Diese und weitere Fragen werden er\u00f6rtert<br \/>\nund regen zum Nachdenken an.<br \/>\nDer Bogen der Beitr\u00e4ge spannt sich von der naturwissenschaftlichen Definition des Lichts durch den Astrophysiker Franz Kerschbaum \u00fcber meditative Gedanken zur Wiedergeburt des spirituellen Leiters der Theravada-Schule in Wien, Bhante Seelawansa Wijayarajapura, bis hin zu literarischen Miniaturen des Schriftstellers Robert Schneider zum Thema Zeit. Die Sehnsucht nach Unsterblichkeit, f\u00fcr die das Ewige Licht als Metapher steht, betrachtet der Mediziner G\u00fcnther Loewit im Spannungsfeld von Religion und Medizin und die Philosophin Ariadne von Schirach \u00fcberlegt, wie man dem irdischen Licht mehr Bedeutung beimessen kann. Theologische Abhandlungen zur Zeitlosigkeit Gottes und der Gerechtigkeit im Jenseits geben Denkanst\u00f6\u00dfe; Erfahrungsberichte von Nahtoderfahrungen und syn\u00e4sthetischen Wahrnehmungen belegen<br \/>\ndie Facettenvielfalt des Themas der Ouverture spirituelle 2023.<\/p>\n","protected":false},"featured_media":5553,"comment_status":"closed","ping_status":"closed","template":"","meta":{"pgc_meta":"","kia_subtitle":"Disputationes 2023"},"product_cat":[117],"product_tag":[448,451,453,450,452,449,454],"acf":[],"_links":{"self":[{"href":"https:\/\/www.wagnerverlag.at\/content\/index.php?rest_route=\/wp\/v2\/product\/5551"}],"collection":[{"href":"https:\/\/www.wagnerverlag.at\/content\/index.php?rest_route=\/wp\/v2\/product"}],"about":[{"href":"https:\/\/www.wagnerverlag.at\/content\/index.php?rest_route=\/wp\/v2\/types\/product"}],"replies":[{"embeddable":true,"href":"https:\/\/www.wagnerverlag.at\/content\/index.php?rest_route=%2Fwp%2Fv2%2Fcomments&post=5551"}],"wp:featuredmedia":[{"embeddable":true,"href":"https:\/\/www.wagnerverlag.at\/content\/index.php?rest_route=\/wp\/v2\/media\/5553"}],"wp:attachment":[{"href":"https:\/\/www.wagnerverlag.at\/content\/index.php?rest_route=%2Fwp%2Fv2%2Fmedia&parent=5551"}],"wp:term":[{"taxonomy":"product_cat","embeddable":true,"href":"https:\/\/www.wagnerverlag.at\/content\/index.php?rest_route=%2Fwp%2Fv2%2Fproduct_cat&post=5551"},{"taxonomy":"product_tag","embeddable":true,"href":"https:\/\/www.wagnerverlag.at\/content\/index.php?rest_route=%2Fwp%2Fv2%2Fproduct_tag&post=5551"}],"curies":[{"name":"wp","href":"https:\/\/api.w.org\/{rel}","templated":true}]}}