{"id":5538,"date":"2024-06-17T10:05:58","date_gmt":"2024-06-17T09:05:58","guid":{"rendered":"https:\/\/www.wagnerverlag.at\/content\/?post_type=product&#038;p=5538"},"modified":"2024-07-20T12:57:59","modified_gmt":"2024-07-20T11:57:59","slug":"politisch-leider-sehr-interessiert","status":"publish","type":"product","link":"https:\/\/www.wagnerverlag.at\/content\/?product=politisch-leider-sehr-interessiert","title":{"rendered":"&#8222;Politisch leider sehr interessiert! Matthias Spanlang (+1940 KZ Buchenwald) &#8211; Dokumentation eines Priesterlebens"},"content":{"rendered":"<p>Monika W\u00fcrthinger<\/p>\n<p>ISBN: 978-3-903040-80-9<\/p>\n<p>357 S., hardcover, reich bebildert<\/p>\n<p>Ladenpreis: 38,00 Euro<\/p>\n","protected":false},"excerpt":{"rendered":"<p>In diesem Buch ist die\u00a0 Rede von einer engagierten, aber unangepassten Priesterpers\u00f6nlichkeit der Di\u00f6zese Linz (\u00d6). Matthias Spanlang bek\u00e4mpfte die politischen Zeitumst\u00e4nde mit Leidenschaft und erlitt daf\u00fcr den gewaltsamen Tod im KZ Buchenwald. Am Ende steht die Lebensgeschichte eines M\u00e4rtyrers, der f\u00fcr seinen Glauben gestorben ist und dem \u2013 auch posthum \u2013 eine entsprechende W\u00fcrdigung versagt blieb.<\/p>\n<p>Spanlangs Biografie ist nicht nur eine Lebensgeschichte, sie dokumentiert am konkreten Beispiel einer Innviertler Gemeinde auch die Folgen eines totalit\u00e4ren Regimes, das 1945 mit den Verwundungen und Vergiftungen der Seelen endete und denen bisher nicht umfassend genug ins Auge gesehen wurde.<\/p>\n<p>\u201eMatthias Spanlang wurde von den Nationalsozialisten als \u201aGiftpflanze\u2018 verh\u00f6hnt und verunglimpft. Allerdings w\u00e4re allein das Vergessen, das fehlende Ged\u00e4chtnis an ihn, Gift f\u00fcr uns Nachgeborene. \u2026 Das gilt auch f\u00fcr unsere Di\u00f6zese: Das Ged\u00e4chtnis an die M\u00e4rtyrer der fr\u00fchen Kirche oder aus der Zeit des Nationalsozialismus im Land muss lebendig gehalten werden.\u201c (Di\u00f6zesanbischof Dr. Manfred Scheuer)<\/p>\n<p><a href=\"https:\/\/www.wagnerverlag.at\/content\/wp-content\/uploads\/2024\/06\/Inhaltsverzeichnis.pdf\">Inhaltsverzeichnis<\/a><\/p>\n<p><a href=\"https:\/\/www.wagnerverlag.at\/content\/wp-content\/uploads\/2024\/06\/11_Dachau.dr_.pdf\">11_Dachau.dr<\/a><\/p>\n","protected":false},"featured_media":5556,"comment_status":"closed","ping_status":"closed","template":"","meta":{"pgc_meta":"","kia_subtitle":""},"product_cat":[111],"product_tag":[172,443,447,446,444,445],"acf":[],"_links":{"self":[{"href":"https:\/\/www.wagnerverlag.at\/content\/index.php?rest_route=\/wp\/v2\/product\/5538"}],"collection":[{"href":"https:\/\/www.wagnerverlag.at\/content\/index.php?rest_route=\/wp\/v2\/product"}],"about":[{"href":"https:\/\/www.wagnerverlag.at\/content\/index.php?rest_route=\/wp\/v2\/types\/product"}],"replies":[{"embeddable":true,"href":"https:\/\/www.wagnerverlag.at\/content\/index.php?rest_route=%2Fwp%2Fv2%2Fcomments&post=5538"}],"wp:featuredmedia":[{"embeddable":true,"href":"https:\/\/www.wagnerverlag.at\/content\/index.php?rest_route=\/wp\/v2\/media\/5556"}],"wp:attachment":[{"href":"https:\/\/www.wagnerverlag.at\/content\/index.php?rest_route=%2Fwp%2Fv2%2Fmedia&parent=5538"}],"wp:term":[{"taxonomy":"product_cat","embeddable":true,"href":"https:\/\/www.wagnerverlag.at\/content\/index.php?rest_route=%2Fwp%2Fv2%2Fproduct_cat&post=5538"},{"taxonomy":"product_tag","embeddable":true,"href":"https:\/\/www.wagnerverlag.at\/content\/index.php?rest_route=%2Fwp%2Fv2%2Fproduct_tag&post=5538"}],"curies":[{"name":"wp","href":"https:\/\/api.w.org\/{rel}","templated":true}]}}