{"id":5525,"date":"2024-05-14T15:22:06","date_gmt":"2024-05-14T14:22:06","guid":{"rendered":"https:\/\/www.wagnerverlag.at\/content\/?post_type=product&#038;p=5525"},"modified":"2024-05-14T15:24:46","modified_gmt":"2024-05-14T14:24:46","slug":"brot-rosen","status":"publish","type":"product","link":"https:\/\/www.wagnerverlag.at\/content\/?product=brot-rosen","title":{"rendered":"Brot &#038; Rosen"},"content":{"rendered":"<p>Befreien &#8211; Heilen &#8211; Teilen &#8211; Feiern<\/p>\n<p>Hubert Gratzer \/ Hans Gruber<\/p>\n<p>ISBN 978-3-903040-81-6<\/p>\n<p>187 S., farbig reich bebildert<\/p>\n","protected":false},"excerpt":{"rendered":"<p>Es gibt viele B\u00fccher \u00fcber reiche und erfolgreiche Menschen. Die Welt der\u00a0 Arbeit ist darin stark unterrepr\u00e4sentiert. Die Betriebsseelsorge hat sich entschieden, mit den Arbeitnehmer:innen unterwegs zu sein. Sie taucht in ihren Alltag ein, sie sucht das \u201eGute Leben\u201c in Gerechtigkeit und den Glauben am Arbeitsplatz und in der Wirtschaft . Betriebsseelsorge bildet Gemeinschaften und nimmt teil an den gesellschaftlichen Prozessen. Sie kn\u00fcpft Netzwerke der Menschlichkeit und lebt Kirche in den R\u00e4umen und im Rahmen der Aktivt\u00e4ten des \u00a0Treffpunkts mensch &amp; arbeit. Damit dieses Tun nicht in Vergessenheit ger\u00e4t, haben sich die verantwortlichen Leiter entschieden, eine Zusammenfassung der 50-j\u00e4hrigen Arbeit als Betriebsseelsorge in Linz-Mitte zu erstellen.<\/p>\n","protected":false},"featured_media":5526,"comment_status":"closed","ping_status":"closed","template":"","meta":{"pgc_meta":"","kia_subtitle":"50 Jahre Betriebsseelsorgezentrum Linz-Mitte"},"product_cat":[117],"product_tag":[442,441,440],"acf":[],"_links":{"self":[{"href":"https:\/\/www.wagnerverlag.at\/content\/index.php?rest_route=\/wp\/v2\/product\/5525"}],"collection":[{"href":"https:\/\/www.wagnerverlag.at\/content\/index.php?rest_route=\/wp\/v2\/product"}],"about":[{"href":"https:\/\/www.wagnerverlag.at\/content\/index.php?rest_route=\/wp\/v2\/types\/product"}],"replies":[{"embeddable":true,"href":"https:\/\/www.wagnerverlag.at\/content\/index.php?rest_route=%2Fwp%2Fv2%2Fcomments&post=5525"}],"wp:featuredmedia":[{"embeddable":true,"href":"https:\/\/www.wagnerverlag.at\/content\/index.php?rest_route=\/wp\/v2\/media\/5526"}],"wp:attachment":[{"href":"https:\/\/www.wagnerverlag.at\/content\/index.php?rest_route=%2Fwp%2Fv2%2Fmedia&parent=5525"}],"wp:term":[{"taxonomy":"product_cat","embeddable":true,"href":"https:\/\/www.wagnerverlag.at\/content\/index.php?rest_route=%2Fwp%2Fv2%2Fproduct_cat&post=5525"},{"taxonomy":"product_tag","embeddable":true,"href":"https:\/\/www.wagnerverlag.at\/content\/index.php?rest_route=%2Fwp%2Fv2%2Fproduct_tag&post=5525"}],"curies":[{"name":"wp","href":"https:\/\/api.w.org\/{rel}","templated":true}]}}