{"id":5515,"date":"2024-05-13T03:28:47","date_gmt":"2024-05-13T02:28:47","guid":{"rendered":"https:\/\/www.wagnerverlag.at\/content\/?post_type=product&#038;p=5515"},"modified":"2024-05-18T07:57:57","modified_gmt":"2024-05-18T06:57:57","slug":"werner-wagner","status":"publish","type":"product","link":"https:\/\/www.wagnerverlag.at\/content\/?product=werner-wagner","title":{"rendered":"Ahnengeschichte Schmid &#8211; Pachlatko"},"content":{"rendered":"<p>Autor: Werner Wagner<\/p>\n<p>herausgegeben von Gertraud Pammer, Helmut Wagner und Werner Wagner<\/p>\n<p>unter Mitarbeit von Florian Wagner<\/p>\n<p>ISBN: 978-3-903040-79-3<\/p>\n<p>Softcover: 30,00 Euro<\/p>\n<p>Hardcover 50,00 Euro<\/p>\n<p><a href=\"https:\/\/www.wagnerverlag.at\/content\/wp-content\/uploads\/2024\/05\/Schmid_Pachlatko_PP-42-43-1.pdf\">Schmid_Pachlatko_PP 42-43<\/a><\/p>\n","protected":false},"excerpt":{"rendered":"<p>Rund um die Geschichte zweier H\u00e4user in Unterwald in der Gemeinde Windhaag b. Freistadt erschien j\u00fcngst in Buchform eine Familiengeschichte mit dem Titel \u201eAhnengeschichte Schmid-Pachlatko\u201c (vulgo Schober und Schneider). Weit \u00fcber die Haus- und Hofgeschichte hinaus behandelt das Buch die Geschichte des Dorfes \u201eUnterwald\u201c \u2013 eine Siedlung, die in fr\u00fcheren Zeiten als das \u201eArmenhaus\u201c der Gemeinde Windhaag galt. Dabei hat das Dorf schon damals erw\u00e4hnenswerte Besonderheiten aufzuweisen. Bereits 1926 wurde eine eigene Volksschule er\u00f6ffnet und bis 1972 als achtklassige Volksschule betrieben. F\u00fcr Betriebe bis nach Nieder\u00f6sterreich und Wien bekannt war Unterwald seit den 1920iger-Jahren durch die fast exklusive Erzeugung von Wei\u00dfkn\u00f6pfen (f\u00fcr Bettw\u00e4sche), an dem Frauen und Kinder des ganzen Dorfes mehr als 40 Jahre lang beteiligt waren. Kontakte mit den b\u00f6hmischen D\u00f6rfern (Sinetschlag, Zettwing etc.) waren bis zur Errichtung des \u201eeisernen Vorhangs\u201c 1946\/47 eine Selbstverst\u00e4ndlichkeit. Ab dann war das Dorf von der Entwicklung gebremst. Erst Anfang der 1950iger-Jahre wurde der elektrische Strom eingeleitet und unter gro\u00dfen M\u00fchen das Dorf durch einen G\u00fcterweg f\u00fcr Kraftfahrzeuge erschlossen.<\/p>\n","protected":false},"featured_media":5517,"comment_status":"closed","ping_status":"closed","template":"","meta":{"pgc_meta":"","kia_subtitle":"Familiengeschichte mit Ahnengalerie"},"product_cat":[332],"product_tag":[439,438,437],"acf":[],"_links":{"self":[{"href":"https:\/\/www.wagnerverlag.at\/content\/index.php?rest_route=\/wp\/v2\/product\/5515"}],"collection":[{"href":"https:\/\/www.wagnerverlag.at\/content\/index.php?rest_route=\/wp\/v2\/product"}],"about":[{"href":"https:\/\/www.wagnerverlag.at\/content\/index.php?rest_route=\/wp\/v2\/types\/product"}],"replies":[{"embeddable":true,"href":"https:\/\/www.wagnerverlag.at\/content\/index.php?rest_route=%2Fwp%2Fv2%2Fcomments&post=5515"}],"wp:featuredmedia":[{"embeddable":true,"href":"https:\/\/www.wagnerverlag.at\/content\/index.php?rest_route=\/wp\/v2\/media\/5517"}],"wp:attachment":[{"href":"https:\/\/www.wagnerverlag.at\/content\/index.php?rest_route=%2Fwp%2Fv2%2Fmedia&parent=5515"}],"wp:term":[{"taxonomy":"product_cat","embeddable":true,"href":"https:\/\/www.wagnerverlag.at\/content\/index.php?rest_route=%2Fwp%2Fv2%2Fproduct_cat&post=5515"},{"taxonomy":"product_tag","embeddable":true,"href":"https:\/\/www.wagnerverlag.at\/content\/index.php?rest_route=%2Fwp%2Fv2%2Fproduct_tag&post=5515"}],"curies":[{"name":"wp","href":"https:\/\/api.w.org\/{rel}","templated":true}]}}