{"id":5507,"date":"2024-03-22T16:47:40","date_gmt":"2024-03-22T15:47:40","guid":{"rendered":"https:\/\/www.wagnerverlag.at\/content\/?post_type=product&#038;p=5507"},"modified":"2024-05-14T13:33:29","modified_gmt":"2024-05-14T12:33:29","slug":"der-mariendom-in-linz","status":"publish","type":"product","link":"https:\/\/www.wagnerverlag.at\/content\/?product=der-mariendom-in-linz","title":{"rendered":"Der Mariendom in linz"},"content":{"rendered":"<p>Der Mariendom, fr\u00fcher &#8222;Neuer Dom&#8220; genannt, ist aus dem Linzer Stadtbild nicht mehr wegzudenken. 1924 wurde die im neugotischen Stil erbaute Domkirche, die 20.000 Personen Platz bietet, geweiht. Die relativ junge Di\u00f6zese Linz (seit 1785) bekam damit eine Bischofskirche mit bemerkenswerten \u00e4u\u00dferen Dimensionen und einer lange Zeit wenig beachteten sakralen und k\u00fcnstlerischen Ausstattung. Das Innere des Doms ist seit der j\u00fcngsten Umgestaltung mehr denn je ein Raum zum Glauben und Feiern, ein Raum zum Schauen und zum H\u00f6ren. Auch der Vorplatz des Doms wurde belebt und ist Ort vielf\u00e4ltiger Kulturveranstaltungen und Begegnungen geworden. All diese Facetten des Doms werden in dem Buch, das aus Anlass 100 Jahre Domweihe (1924 &#8211; 2024) erschienen ist,\u00a0 beschrieben und in beeindruckenden Bildern gezeigt. Der Dom, der Tradition und Moderne verbindet, geh\u00f6rt allen Menschen. \u201eDas ist der Sinn jedes Kirchenbaus: Menschen Raum zur Begegnung mit Gott zu geben \u2013 allein und in der Gemeinschaft\u201c (Dompfarrer Maximilian Strasser)<\/p>\n<p><a href=\"https:\/\/www.wagnerverlag.at\/content\/wp-content\/uploads\/2024\/03\/wv-mariendom-layout-kern-v9-kap7.pdf\">wv-mariendom-layout-kern-v9-kap7<\/a><\/p>\n","protected":false},"excerpt":{"rendered":"<p>Der Mariendom, fr\u00fcher &#8222;Neuer Dom&#8220; genannt, ist aus dem Linzer Stadtbild nicht mehr wegzudenken. 1924 wurde die im neugotischen Stil erbaute Domkirche, die 20.000 Personen Platz bietet, geweiht. Die relativ junge Di\u00f6zese Linz (seit 1785) bekam damit eine Bischofskirche mit bemerkenswerten \u00e4u\u00dferen Dimensionen und einer lange Zeit wenig beachteten sakralen und k\u00fcnstlerischen Ausstattung. Das Innere des Doms ist seit der j\u00fcngsten Umgestaltung mehr denn je ein Raum zum Glauben und Feiern, ein Raum zum Schauen&hellip;<\/p>\n","protected":false},"featured_media":5508,"comment_status":"closed","ping_status":"closed","template":"","meta":{"pgc_meta":"","kia_subtitle":"Glaube, Gesellschaft, Kunst, Kultur"},"product_cat":[126],"product_tag":[433,434,436,435,431,432],"acf":[],"_links":{"self":[{"href":"https:\/\/www.wagnerverlag.at\/content\/index.php?rest_route=\/wp\/v2\/product\/5507"}],"collection":[{"href":"https:\/\/www.wagnerverlag.at\/content\/index.php?rest_route=\/wp\/v2\/product"}],"about":[{"href":"https:\/\/www.wagnerverlag.at\/content\/index.php?rest_route=\/wp\/v2\/types\/product"}],"replies":[{"embeddable":true,"href":"https:\/\/www.wagnerverlag.at\/content\/index.php?rest_route=%2Fwp%2Fv2%2Fcomments&post=5507"}],"wp:featuredmedia":[{"embeddable":true,"href":"https:\/\/www.wagnerverlag.at\/content\/index.php?rest_route=\/wp\/v2\/media\/5508"}],"wp:attachment":[{"href":"https:\/\/www.wagnerverlag.at\/content\/index.php?rest_route=%2Fwp%2Fv2%2Fmedia&parent=5507"}],"wp:term":[{"taxonomy":"product_cat","embeddable":true,"href":"https:\/\/www.wagnerverlag.at\/content\/index.php?rest_route=%2Fwp%2Fv2%2Fproduct_cat&post=5507"},{"taxonomy":"product_tag","embeddable":true,"href":"https:\/\/www.wagnerverlag.at\/content\/index.php?rest_route=%2Fwp%2Fv2%2Fproduct_tag&post=5507"}],"curies":[{"name":"wp","href":"https:\/\/api.w.org\/{rel}","templated":true}]}}