{"id":5505,"date":"2024-03-22T16:33:44","date_gmt":"2024-03-22T15:33:44","guid":{"rendered":"https:\/\/www.wagnerverlag.at\/content\/?post_type=product&#038;p=5505"},"modified":"2024-03-22T16:33:44","modified_gmt":"2024-03-22T15:33:44","slug":"ein-bischof-fuer-die-welt","status":"publish","type":"product","link":"https:\/\/www.wagnerverlag.at\/content\/?product=ein-bischof-fuer-die-welt","title":{"rendered":"Ein Bischof f\u00fcr die Welt"},"content":{"rendered":"<p>Die relativ junge Di\u00f6zese Linz (seit 1785) brachte mehrere international angesehene Priesterpers\u00f6nlichkeiten hervor. Eine der bekanntesten unter ihnen ist Erzbischof Dr. Alois Wagner (1924\u20132002).\u00a0 Als Weihbischof der Di\u00f6zese Linz war er in den 1970er-Jahren an der Umsetzung des Zweiten Vatikanischen Konzils tatkr\u00e4ftig beteiligt. Entgegen der\u00a0 Erwartung vieler wurde er 1981 nicht Bischof von Linz, sondern nach Rom berufen. Es entsprach seinem Charakter, dass er sich von dieser Entt\u00e4uschung nicht beirren lie\u00df, sondern mit gro\u00dfem Einsatz\u00a0 f\u00fcr die weltkirchliche Missions- und Entwicklungsf\u00f6rderung\u00a0 des Vatikans (Cor Unum) t\u00e4tig war und\u00a0 als Erzbischof St\u00e4ndiger Beobachter des Vatikans bei den in Rom ans\u00e4ssigen UNO-Organisationen wurde. Erzbischof Wagner war auf allen Kontinenten zuhause.\u00a0 Nicht zuf\u00e4llig wurde er 1996 zum Auslands\u00f6sterreicher des Jahres gew\u00e4hlt.\u00a0 Papst Johannes Paul II sagte \u00fcber ihn: \u201eDer ist wichtig. Den brauchen wir!\u201c\u00a0 Zeitzeugen, Mitarbeiter und Familienmitglieder erinnern sich in diesem Buch an den gro\u00dfen Ober\u00f6sterreicher.<\/p>\n","protected":false},"excerpt":{"rendered":"<p>Die relativ junge Di\u00f6zese Linz (seit 1785) brachte mehrere international angesehene Priesterpers\u00f6nlichkeiten hervor. Eine der bekanntesten unter ihnen ist Erzbischof Dr. Alois Wagner (1924\u20132002).\u00a0 Als Weihbischof der Di\u00f6zese Linz war er in den 1970er-Jahren an der Umsetzung des Zweiten Vatikanischen Konzils tatkr\u00e4ftig beteiligt. Entgegen der\u00a0 Erwartung vieler wurde er 1981 nicht Bischof von Linz, sondern nach Rom berufen. Es entsprach seinem Charakter, dass er sich von dieser Entt\u00e4uschung nicht beirren lie\u00df, sondern mit gro\u00dfem Einsatz\u00a0&hellip;<\/p>\n","protected":false},"featured_media":5506,"comment_status":"closed","ping_status":"closed","template":"","meta":{"pgc_meta":"","kia_subtitle":"Erinnerungen an Erzbischof Dr. Alois Wagner (1924-2002)"},"product_cat":[111],"product_tag":[172,428,430,429,427],"acf":[],"_links":{"self":[{"href":"https:\/\/www.wagnerverlag.at\/content\/index.php?rest_route=\/wp\/v2\/product\/5505"}],"collection":[{"href":"https:\/\/www.wagnerverlag.at\/content\/index.php?rest_route=\/wp\/v2\/product"}],"about":[{"href":"https:\/\/www.wagnerverlag.at\/content\/index.php?rest_route=\/wp\/v2\/types\/product"}],"replies":[{"embeddable":true,"href":"https:\/\/www.wagnerverlag.at\/content\/index.php?rest_route=%2Fwp%2Fv2%2Fcomments&post=5505"}],"wp:featuredmedia":[{"embeddable":true,"href":"https:\/\/www.wagnerverlag.at\/content\/index.php?rest_route=\/wp\/v2\/media\/5506"}],"wp:attachment":[{"href":"https:\/\/www.wagnerverlag.at\/content\/index.php?rest_route=%2Fwp%2Fv2%2Fmedia&parent=5505"}],"wp:term":[{"taxonomy":"product_cat","embeddable":true,"href":"https:\/\/www.wagnerverlag.at\/content\/index.php?rest_route=%2Fwp%2Fv2%2Fproduct_cat&post=5505"},{"taxonomy":"product_tag","embeddable":true,"href":"https:\/\/www.wagnerverlag.at\/content\/index.php?rest_route=%2Fwp%2Fv2%2Fproduct_tag&post=5505"}],"curies":[{"name":"wp","href":"https:\/\/api.w.org\/{rel}","templated":true}]}}