{"id":5496,"date":"2024-03-06T15:38:20","date_gmt":"2024-03-06T14:38:20","guid":{"rendered":"https:\/\/www.wagnerverlag.at\/content\/?post_type=product&#038;p=5496"},"modified":"2024-03-06T15:46:39","modified_gmt":"2024-03-06T14:46:39","slug":"johannes-singer","status":"publish","type":"product","link":"https:\/\/www.wagnerverlag.at\/content\/?product=johannes-singer","title":{"rendered":"&#8222;Wir m\u00fcssen alle sehr, sehr dankbar sein!&#8220;"},"content":{"rendered":"<p>Was hat den Linzer Theologieprofessor Johannes Singer (1921 \u2013 2007) dazu bewogen, kurz vor dem Ende seines Lebens seine Kriegserinnerungen niederzuschreiben?<br \/>\nAlles \u201eHeldische\u201c spielte bei ihm keine Rolle. Singer hatte nichts Soldatisches an sich. Soldatischen Tugenden von Drill, Unterordnung und schneidigem Draufg\u00e4ngertum<br \/>\nkonnte er nichts abgewinnen. F\u00fcr Singer war der Krieg kein sozialdarwinistisch eingef\u00e4rbtes Ringen um die Macht, sondern ein \u201eRiesenunsinn\u201c (Vorwort). Sein Soldatendasein,<br \/>\ndas 1940 mit der Musterung begann und ihn nach Russland, Afrika und Italien gef\u00fchrt hat, endete wenig spektakul\u00e4r am 3. Mai 1945 mit dem Kommando \u201eIhr seid entlassen\u201c. Singers Kriegstagebuch ist ein Zeugnis christlich inspirierter Humanit\u00e4t unter inhumanen Bedingungen.<\/p>\n","protected":false},"excerpt":{"rendered":"<p>Was hat den Linzer Theologieprofessor Johannes Singer (1921 \u2013 2007) dazu bewogen, kurz vor dem Ende seines Lebens seine Kriegserinnerungen niederzuschreiben? Alles \u201eHeldische\u201c spielte bei ihm keine Rolle. Singer hatte nichts Soldatisches an sich. Soldatischen Tugenden von Drill, Unterordnung und schneidigem Draufg\u00e4ngertum konnte er nichts abgewinnen. F\u00fcr Singer war der Krieg kein sozialdarwinistisch eingef\u00e4rbtes Ringen um die Macht, sondern ein \u201eRiesenunsinn\u201c (Vorwort). Sein Soldatendasein, das 1940 mit der Musterung begann und ihn nach Russland, Afrika&hellip;<\/p>\n","protected":false},"featured_media":5497,"comment_status":"closed","ping_status":"closed","template":"","meta":{"pgc_meta":"","kia_subtitle":"Kriegstagebuch 1040-1945, hg. von Hanjo Sauer. Mit einem Vorwort von Bischof Manfred Scheuer"},"product_cat":[111],"product_tag":[423,424,425,426,422,421,420],"acf":[],"_links":{"self":[{"href":"https:\/\/www.wagnerverlag.at\/content\/index.php?rest_route=\/wp\/v2\/product\/5496"}],"collection":[{"href":"https:\/\/www.wagnerverlag.at\/content\/index.php?rest_route=\/wp\/v2\/product"}],"about":[{"href":"https:\/\/www.wagnerverlag.at\/content\/index.php?rest_route=\/wp\/v2\/types\/product"}],"replies":[{"embeddable":true,"href":"https:\/\/www.wagnerverlag.at\/content\/index.php?rest_route=%2Fwp%2Fv2%2Fcomments&post=5496"}],"wp:featuredmedia":[{"embeddable":true,"href":"https:\/\/www.wagnerverlag.at\/content\/index.php?rest_route=\/wp\/v2\/media\/5497"}],"wp:attachment":[{"href":"https:\/\/www.wagnerverlag.at\/content\/index.php?rest_route=%2Fwp%2Fv2%2Fmedia&parent=5496"}],"wp:term":[{"taxonomy":"product_cat","embeddable":true,"href":"https:\/\/www.wagnerverlag.at\/content\/index.php?rest_route=%2Fwp%2Fv2%2Fproduct_cat&post=5496"},{"taxonomy":"product_tag","embeddable":true,"href":"https:\/\/www.wagnerverlag.at\/content\/index.php?rest_route=%2Fwp%2Fv2%2Fproduct_tag&post=5496"}],"curies":[{"name":"wp","href":"https:\/\/api.w.org\/{rel}","templated":true}]}}