{"id":5427,"date":"2023-07-28T10:18:03","date_gmt":"2023-07-28T09:18:03","guid":{"rendered":"http:\/\/www.wagnerverlag.at\/content\/?post_type=product&#038;p=5427"},"modified":"2023-11-02T15:58:12","modified_gmt":"2023-11-02T14:58:12","slug":"franz-jaegersstaetter-leben-und-erinnerung","status":"publish","type":"product","link":"https:\/\/www.wagnerverlag.at\/content\/?product=franz-jaegersstaetter-leben-und-erinnerung","title":{"rendered":"Franz J\u00e4gersst\u00e4tter. Leben und Erinnerung"},"content":{"rendered":"<p>2023 j\u00e4hrte sich der Todestag des Seligen Franz J\u00e4gerst\u00e4tter zum 80. Mal. Aus diesem Anlass gaben Verena Lorber, Thomas Schlager-Weidinger und Andreas Schmoller eine neue Brosch\u00fcre &#8222;Franz J\u00e4gerst\u00e4tter &#8211; Leben und Erinnerung (Christ und M\u00e4rtyrer)&#8220; heraus. Die 54-seitige Brosch\u00fcre mit Beitr\u00e4gen zahlreicher Autorinnen und Autoren\u00a0 und vielen Farbfotos erschien im Wagner Verlag ein deutscher und (erstmals) in englischer Sprache und wurde bei der Internationalen Gedenkfeier am 8.\/9. August 2023 in St. Radegund erstmals pr\u00e4sentiert.<\/p>\n<p>&nbsp;<\/p>\n<p>&nbsp;<\/p>\n<p>&nbsp;<\/p>\n<p>&nbsp;<\/p>\n<p>&nbsp;<\/p>\n<p>&nbsp;<\/p>\n","protected":false},"excerpt":{"rendered":"<p>Hrsg. von Verena Lorber, Thomas Schlager-Weidinger und Andreas Schmoller, Linz (Wagner Verlag) 2023, ISBN: 978-3-903040-69-4 (dt.), ISBN 978-903040-70-0 (engl.), Preis: je 8,00 Euro<\/p>\n<p>&nbsp;<\/p>\n","protected":false},"featured_media":5459,"comment_status":"closed","ping_status":"closed","template":"","meta":{"pgc_meta":"","kia_subtitle":"Christ und M\u00e4rtyrer"},"product_cat":[111],"product_tag":[407,418,178,419,408],"acf":[],"_links":{"self":[{"href":"https:\/\/www.wagnerverlag.at\/content\/index.php?rest_route=\/wp\/v2\/product\/5427"}],"collection":[{"href":"https:\/\/www.wagnerverlag.at\/content\/index.php?rest_route=\/wp\/v2\/product"}],"about":[{"href":"https:\/\/www.wagnerverlag.at\/content\/index.php?rest_route=\/wp\/v2\/types\/product"}],"replies":[{"embeddable":true,"href":"https:\/\/www.wagnerverlag.at\/content\/index.php?rest_route=%2Fwp%2Fv2%2Fcomments&post=5427"}],"wp:featuredmedia":[{"embeddable":true,"href":"https:\/\/www.wagnerverlag.at\/content\/index.php?rest_route=\/wp\/v2\/media\/5459"}],"wp:attachment":[{"href":"https:\/\/www.wagnerverlag.at\/content\/index.php?rest_route=%2Fwp%2Fv2%2Fmedia&parent=5427"}],"wp:term":[{"taxonomy":"product_cat","embeddable":true,"href":"https:\/\/www.wagnerverlag.at\/content\/index.php?rest_route=%2Fwp%2Fv2%2Fproduct_cat&post=5427"},{"taxonomy":"product_tag","embeddable":true,"href":"https:\/\/www.wagnerverlag.at\/content\/index.php?rest_route=%2Fwp%2Fv2%2Fproduct_tag&post=5427"}],"curies":[{"name":"wp","href":"https:\/\/api.w.org\/{rel}","templated":true}]}}