{"id":5407,"date":"2023-06-19T09:20:16","date_gmt":"2023-06-19T08:20:16","guid":{"rendered":"http:\/\/www.wagnerverlag.at\/content\/?post_type=product&#038;p=5407"},"modified":"2024-07-20T12:32:27","modified_gmt":"2024-07-20T11:32:27","slug":"geh-nur-den-stern-voran","status":"publish","type":"product","link":"https:\/\/www.wagnerverlag.at\/content\/?product=geh-nur-den-stern-voran","title":{"rendered":"Geh nur &#8211; den Stern voran"},"content":{"rendered":"<p>Anl\u00e4sslich seines 75. Geburtstages pr\u00e4sentierte Wolfang H. Groiss OPraem seinen neuesten Gedichtband. Groiss, der seine Erlebnisse und Eindr\u00fccke aus der seelsorglichen Praxis und Beobachtungen aus dem t\u00e4glichen Leben immer wieder zu Papier bringt, legt nunmehr zum zweiten Mal seine mit viel Gesp\u00fcr und Aufmerksamkeit verfassten Texte der \u00d6ffentlichkeit vor. Was erwartet den Leser, die Leserin im Buch?\u00a0Zwischen Leben und Sterben, Zweifel und Glauben, aber immer mit einem Funken Trost und Hoffnung und einem heiter farbigen Blick zur\u00fcck versucht der Autor in bilderreicher Sprache hinter dem Geheimnis des Irdischen her zu sp\u00fcren und so als langj\u00e4hriger Pfarrer etwas von der lebendigen Kraft des Glaubens zu vermitteln, die \u00fcber das Verg\u00e4ngliche die Freude und die Sch\u00f6nheit des Diesseits zu sehen vermag.<\/p>\n<p>&nbsp;<\/p>\n","protected":false},"excerpt":{"rendered":"<p>Anl\u00e4sslich seines 75. Geburtstages pr\u00e4sentierte Wolfang H. Groiss OPraem seinen neuesten Gedichtband. Groiss, der seine Erlebnisse und Eindr\u00fccke aus der seelsorglichen Praxis und Beobachtungen aus dem t\u00e4glichen Leben immer wieder zu Papier bringt, legt nunmehr zum zweiten Mal seine mit viel Gesp\u00fcr und Aufmerksamkeit verfassten Texte der \u00d6ffentlichkeit vor. Was erwartet den Leser, die Leserin im Buch?\u00a0Zwischen Leben und Sterben, Zweifel und Glauben, aber immer mit einem Funken Trost und Hoffnung und einem heiter farbigen&hellip;<\/p>\n","protected":false},"featured_media":5408,"comment_status":"closed","ping_status":"closed","template":"","meta":{"pgc_meta":"","kia_subtitle":"Wolfgang H. Groiss OPraem"},"product_cat":[331],"product_tag":[402,401,400,394,395],"acf":[],"_links":{"self":[{"href":"https:\/\/www.wagnerverlag.at\/content\/index.php?rest_route=\/wp\/v2\/product\/5407"}],"collection":[{"href":"https:\/\/www.wagnerverlag.at\/content\/index.php?rest_route=\/wp\/v2\/product"}],"about":[{"href":"https:\/\/www.wagnerverlag.at\/content\/index.php?rest_route=\/wp\/v2\/types\/product"}],"replies":[{"embeddable":true,"href":"https:\/\/www.wagnerverlag.at\/content\/index.php?rest_route=%2Fwp%2Fv2%2Fcomments&post=5407"}],"wp:featuredmedia":[{"embeddable":true,"href":"https:\/\/www.wagnerverlag.at\/content\/index.php?rest_route=\/wp\/v2\/media\/5408"}],"wp:attachment":[{"href":"https:\/\/www.wagnerverlag.at\/content\/index.php?rest_route=%2Fwp%2Fv2%2Fmedia&parent=5407"}],"wp:term":[{"taxonomy":"product_cat","embeddable":true,"href":"https:\/\/www.wagnerverlag.at\/content\/index.php?rest_route=%2Fwp%2Fv2%2Fproduct_cat&post=5407"},{"taxonomy":"product_tag","embeddable":true,"href":"https:\/\/www.wagnerverlag.at\/content\/index.php?rest_route=%2Fwp%2Fv2%2Fproduct_tag&post=5407"}],"curies":[{"name":"wp","href":"https:\/\/api.w.org\/{rel}","templated":true}]}}