{"id":5366,"date":"2022-11-23T09:27:55","date_gmt":"2022-11-23T08:27:55","guid":{"rendered":"http:\/\/www.wagnerverlag.at\/content\/?post_type=product&#038;p=5366"},"modified":"2022-11-23T09:27:55","modified_gmt":"2022-11-23T08:27:55","slug":"und-das-wort-ist-klang-geworden","status":"publish","type":"product","link":"https:\/\/www.wagnerverlag.at\/content\/?product=und-das-wort-ist-klang-geworden","title":{"rendered":"Und das Wort ist Klang geworden"},"content":{"rendered":"<p>Humorvoll bittet der Autor gro\u00dfe Komponisten zu Aussagen \u00fcber diesbez\u00fcgliche Vertonungen. Der Bogen spannt sich von Highlights einer Hildegard von Bingen bis zu spannenden Tonsch\u00f6pfungen der Zeitgenossen Sofia Gubaidulina und Arvo P\u00e4rt. Selbstredend geh\u00f6ren Palestrina, Bach, Haydn, Mozart, Beethoven, Schubert und Bruckner, Bernstein und andere zum Kreis derer, die uns nachhaltig beschenkt haben.<br \/>\nMessiaen, Lauridsen und Stockhausen haben ebenfalls zum Thema komponiert. \u00dcberraschendes tr\u00e4gt Jean Paul Sartre bei mit einem Weihnachtsspiel!<br \/>\nFranz\u00f6sische Weihnachtslieder zum Singen und Musizieren liefert Monsieur Marc Antoine Charpentier.<br \/>\nNoten-Handschriften und mitlaufende Partituren werden Freaks begeistern. Die genialen Musikbeispiele kann man mittels QR-Code sofort h\u00f6ren. Beispiele zum Thema aus der Bildenden Kunst und der<br \/>\nLiteratur vertiefen das mehrschichtige Suchen.<\/p>\n<p>Ein spannendes Buch \u00fcber die Menschwerdung &#8211; nicht nur f\u00fcr Weihnachten!<\/p>\n","protected":false},"excerpt":{"rendered":"<p>ISBN: 978-3-903040-68-7<\/p>\n<p>242 S.<\/p>\n<p>Best. Nr. 2205<\/p>\n","protected":false},"featured_media":5367,"comment_status":"closed","ping_status":"closed","template":"","meta":{"pgc_meta":"","kia_subtitle":"Vom Geheimnis der Menschwerdung"},"product_cat":[334],"product_tag":[392],"acf":[],"_links":{"self":[{"href":"https:\/\/www.wagnerverlag.at\/content\/index.php?rest_route=\/wp\/v2\/product\/5366"}],"collection":[{"href":"https:\/\/www.wagnerverlag.at\/content\/index.php?rest_route=\/wp\/v2\/product"}],"about":[{"href":"https:\/\/www.wagnerverlag.at\/content\/index.php?rest_route=\/wp\/v2\/types\/product"}],"replies":[{"embeddable":true,"href":"https:\/\/www.wagnerverlag.at\/content\/index.php?rest_route=%2Fwp%2Fv2%2Fcomments&post=5366"}],"wp:featuredmedia":[{"embeddable":true,"href":"https:\/\/www.wagnerverlag.at\/content\/index.php?rest_route=\/wp\/v2\/media\/5367"}],"wp:attachment":[{"href":"https:\/\/www.wagnerverlag.at\/content\/index.php?rest_route=%2Fwp%2Fv2%2Fmedia&parent=5366"}],"wp:term":[{"taxonomy":"product_cat","embeddable":true,"href":"https:\/\/www.wagnerverlag.at\/content\/index.php?rest_route=%2Fwp%2Fv2%2Fproduct_cat&post=5366"},{"taxonomy":"product_tag","embeddable":true,"href":"https:\/\/www.wagnerverlag.at\/content\/index.php?rest_route=%2Fwp%2Fv2%2Fproduct_tag&post=5366"}],"curies":[{"name":"wp","href":"https:\/\/api.w.org\/{rel}","templated":true}]}}