{"id":5321,"date":"2022-08-31T09:07:10","date_gmt":"2022-08-31T08:07:10","guid":{"rendered":"http:\/\/www.wagnerverlag.at\/content\/?post_type=product&#038;p=5321"},"modified":"2022-08-31T09:07:10","modified_gmt":"2022-08-31T08:07:10","slug":"dieser-zeitlichkeit-entrissen","status":"publish","type":"product","link":"https:\/\/www.wagnerverlag.at\/content\/?product=dieser-zeitlichkeit-entrissen","title":{"rendered":"&#8222;&#8230; dieser Zeitlichkeit entrissen &#8230;&#8220;"},"content":{"rendered":"<p>In der Gruft unterhalb des ehemaligen Augustiner ChorherrenstiftesWaldhausen (O\u00d6) befinden sich drei (Teil-)Mumien, die lange Zeit unentdeckt gebliebenwaren. Erst seit 2020 sind sie \u00f6ffentlich zug\u00e4nglich. Eine Verbin-<br \/>\ndung zur Mumie des\u201eLuftgselchten Pfarrers\u201c aus St. Thomas am Blasenstein, der Angeh\u00f6riger des Stiftes Waldhausen war, scheint auf der Hand zu liegen.<br \/>\nSpezialisten f\u00fcr ungekl\u00e4rte Todesf\u00e4lle aus den Bereichen der Rechtsmedizin, Pa-thologie, Radiologie und Forensik gelang es nun, das Geheimnis um die Identit\u00e4t der drei Toten zu l\u00fcften. In einer historischen Spurensuche werden die Lebensl\u00e4ufe von drei Ordensm\u00e4nnern nachgezeichnet, die schwierige Zeiten durchleben mussten, aber auch Gro\u00dfes bewirkten.<br \/>\nWer waren die drei Unbekannten?<br \/>\nWann und wie lebten sie, und welcher Tod war ihnen beschieden?<br \/>\nWie konnten die Mumien entstehen?<\/p>\n","protected":false},"excerpt":{"rendered":"<p>ISBN 978-3-903040-67-0<\/p>\n<p>192 S.<\/p>\n<p>2203<\/p>\n","protected":false},"featured_media":5323,"comment_status":"closed","ping_status":"closed","template":"","meta":{"pgc_meta":"","kia_subtitle":""},"product_cat":[126],"product_tag":[383],"acf":[],"_links":{"self":[{"href":"https:\/\/www.wagnerverlag.at\/content\/index.php?rest_route=\/wp\/v2\/product\/5321"}],"collection":[{"href":"https:\/\/www.wagnerverlag.at\/content\/index.php?rest_route=\/wp\/v2\/product"}],"about":[{"href":"https:\/\/www.wagnerverlag.at\/content\/index.php?rest_route=\/wp\/v2\/types\/product"}],"replies":[{"embeddable":true,"href":"https:\/\/www.wagnerverlag.at\/content\/index.php?rest_route=%2Fwp%2Fv2%2Fcomments&post=5321"}],"wp:featuredmedia":[{"embeddable":true,"href":"https:\/\/www.wagnerverlag.at\/content\/index.php?rest_route=\/wp\/v2\/media\/5323"}],"wp:attachment":[{"href":"https:\/\/www.wagnerverlag.at\/content\/index.php?rest_route=%2Fwp%2Fv2%2Fmedia&parent=5321"}],"wp:term":[{"taxonomy":"product_cat","embeddable":true,"href":"https:\/\/www.wagnerverlag.at\/content\/index.php?rest_route=%2Fwp%2Fv2%2Fproduct_cat&post=5321"},{"taxonomy":"product_tag","embeddable":true,"href":"https:\/\/www.wagnerverlag.at\/content\/index.php?rest_route=%2Fwp%2Fv2%2Fproduct_tag&post=5321"}],"curies":[{"name":"wp","href":"https:\/\/api.w.org\/{rel}","templated":true}]}}