{"id":5251,"date":"2021-11-02T11:12:11","date_gmt":"2021-11-02T10:12:11","guid":{"rendered":"http:\/\/www.wagnerverlag.at\/content\/?post_type=product&#038;p=5251"},"modified":"2021-11-02T11:47:03","modified_gmt":"2021-11-02T10:47:03","slug":"stift-wilhering","status":"publish","type":"product","link":"https:\/\/www.wagnerverlag.at\/content\/?product=stift-wilhering","title":{"rendered":"Stift Wilhering"},"content":{"rendered":"<p>Als Gr\u00fcndungsdatum des Stiftes Wilhering gilt der 30. September 1146. Als Stifter werden die edelfreien Br\u00fcder Ulrich (II.) und Cholo (II.) von Wilhering-Waxenberg genannt. 875 Jahre Stift Wilhering sind ein Anlass, einen Sammelband mit Beitr\u00e4gen zu Geschichte, Kunst und Spiritualit\u00e4t herauszugeben. Der 424 Seiten starke Band soll die historische Bedeutung des Stiftes Wilhering hervorheben. Es geht aber nicht um in erster Linie um die Darstellung der Vergangenheit. Einblicke in die Kultur und Spiritualit\u00e4t des Zisterzienserklosters sollen helfen, Menschen auch in Zukunft f\u00fcr eine Gottesbegegnung aufzuschlie\u00dfen. Der Band thematisiert in 20 Artikeln neben der Geschichte des Stiftes wichtige Kunstsch\u00e4tze von Wilhering sowie wichtige Pers\u00f6nlichkeiten, die mit dem Stift in Verbindung stehen.<\/p>\n<p><a href=\"https:\/\/www.wagnerverlag.at\/content\/wp-content\/uploads\/2021\/11\/FS_Wilhering-_Inhalt-1.pdf\">FS_Wilhering _Inhalt<\/a><\/p>\n","protected":false},"excerpt":{"rendered":"<p>Beitr\u00e4ge zu Geschichte, Kunst und Spiritualit\u00e4t<\/p>\n<p>ISBN: 978-3-903040-62-5<\/p>\n<p>424 Seiten, reich bebildert<\/p>\n<p>Preis:<\/p>\n<p>&nbsp;<\/p>\n","protected":false},"featured_media":5252,"comment_status":"closed","ping_status":"closed","template":"","meta":{"pgc_meta":"","kia_subtitle":""},"product_cat":[126],"product_tag":[380],"acf":[],"_links":{"self":[{"href":"https:\/\/www.wagnerverlag.at\/content\/index.php?rest_route=\/wp\/v2\/product\/5251"}],"collection":[{"href":"https:\/\/www.wagnerverlag.at\/content\/index.php?rest_route=\/wp\/v2\/product"}],"about":[{"href":"https:\/\/www.wagnerverlag.at\/content\/index.php?rest_route=\/wp\/v2\/types\/product"}],"replies":[{"embeddable":true,"href":"https:\/\/www.wagnerverlag.at\/content\/index.php?rest_route=%2Fwp%2Fv2%2Fcomments&post=5251"}],"wp:featuredmedia":[{"embeddable":true,"href":"https:\/\/www.wagnerverlag.at\/content\/index.php?rest_route=\/wp\/v2\/media\/5252"}],"wp:attachment":[{"href":"https:\/\/www.wagnerverlag.at\/content\/index.php?rest_route=%2Fwp%2Fv2%2Fmedia&parent=5251"}],"wp:term":[{"taxonomy":"product_cat","embeddable":true,"href":"https:\/\/www.wagnerverlag.at\/content\/index.php?rest_route=%2Fwp%2Fv2%2Fproduct_cat&post=5251"},{"taxonomy":"product_tag","embeddable":true,"href":"https:\/\/www.wagnerverlag.at\/content\/index.php?rest_route=%2Fwp%2Fv2%2Fproduct_tag&post=5251"}],"curies":[{"name":"wp","href":"https:\/\/api.w.org\/{rel}","templated":true}]}}