{"id":5235,"date":"2021-10-15T10:18:52","date_gmt":"2021-10-15T09:18:52","guid":{"rendered":"http:\/\/www.wagnerverlag.at\/content\/?post_type=product&#038;p=5235"},"modified":"2021-10-15T10:24:14","modified_gmt":"2021-10-15T09:24:14","slug":"rom-versteht-uns-nicht","status":"publish","type":"product","link":"https:\/\/www.wagnerverlag.at\/content\/?product=rom-versteht-uns-nicht","title":{"rendered":"Rom versteht uns nicht"},"content":{"rendered":"<p>Als Adolf Hitler in Wien einzieht, wird er als neuer Staatschef mit dem Gel\u00e4ute der Pummerin feierlich begr\u00fc\u00dft. Der Kardinal eilt zu ihm ins Hotel Imperial, macht ihm seine Aufwartung und verp?ichtet noch am selben Tag die Katholiken, treu zum F\u00fchrer und Reichskanzler zu stehen. Das vom Erzbischof und Vorsitzenden der \u00f6sterreichischen Bischofskonferenz Theodor Kardinal Innitzer (1875 \u20131955) handgeschriebene \u201eHeil Hitler\u201c leuchtet von den Litfa\u00dfs\u00e4ulen, und den Gl\u00e4ubigen wird von der Kanzel verk\u00fcndet, wie sie sich am Tage der Volksabstimmung, dem 10. April 1938, zu verhalten haben. \u00a0Dass Frauen und M\u00e4nner, Laien oder Priester, die dem barbarischen Regime politischen Widerstand geleistet hatten, im KZ schmachten mussten oder am Schafott ihr Leben lie\u00dfen, wird nach dem Ende des NS-Regimes von der kirchlichen Obrigkeit kaum oder gar nicht beachtet. Die kirchliche Obrigkeit wei\u00df um Deportationen der Juden in Viehwaggons in die Vernichtungslager und schweigt, allen wohl formulierten Hinweisen auf christliche N\u00e4chstenliebe zum Trotz. Nach dem NS-Desaster werden ?\u00e4chendeckend Dankgottesdienste f\u00fcr die Beendigung des schrecklichen Krieges gefeiert und vereinzelt auch solche f\u00fcr die Beendigung der NS-Barbarei.<\/p>\n<p>Wie soll oder will man all das, was klar zutage liegt, erkl\u00e4ren? Gibt es eine durchgehende Spiritualit\u00e4t, die alles motivierte und der die Ereignisse, pastoralen Verhaltensweisen und Weichenstellungen f\u00f6rmlich von selbst erwuchsen? Gibt es f\u00fcr all das einen roten Faden, der alles miteinander verbindet? Die vorliegende Studie versucht dem nachzugehen, den entsprechenden Grunds\u00e4tzen und Leitlinien nachzusp\u00fcren und sie darzulegen.<\/p>\n","protected":false},"excerpt":{"rendered":"<p>ISBN 978-3-903040<\/p>\n<p>23 S.<\/p>\n<p>Ladenpreis: 10,80 Euro<\/p>\n","protected":false},"featured_media":5238,"comment_status":"closed","ping_status":"closed","template":"","meta":{"pgc_meta":"","kia_subtitle":""},"product_cat":[111],"product_tag":[375,376],"acf":[],"_links":{"self":[{"href":"https:\/\/www.wagnerverlag.at\/content\/index.php?rest_route=\/wp\/v2\/product\/5235"}],"collection":[{"href":"https:\/\/www.wagnerverlag.at\/content\/index.php?rest_route=\/wp\/v2\/product"}],"about":[{"href":"https:\/\/www.wagnerverlag.at\/content\/index.php?rest_route=\/wp\/v2\/types\/product"}],"replies":[{"embeddable":true,"href":"https:\/\/www.wagnerverlag.at\/content\/index.php?rest_route=%2Fwp%2Fv2%2Fcomments&post=5235"}],"wp:featuredmedia":[{"embeddable":true,"href":"https:\/\/www.wagnerverlag.at\/content\/index.php?rest_route=\/wp\/v2\/media\/5238"}],"wp:attachment":[{"href":"https:\/\/www.wagnerverlag.at\/content\/index.php?rest_route=%2Fwp%2Fv2%2Fmedia&parent=5235"}],"wp:term":[{"taxonomy":"product_cat","embeddable":true,"href":"https:\/\/www.wagnerverlag.at\/content\/index.php?rest_route=%2Fwp%2Fv2%2Fproduct_cat&post=5235"},{"taxonomy":"product_tag","embeddable":true,"href":"https:\/\/www.wagnerverlag.at\/content\/index.php?rest_route=%2Fwp%2Fv2%2Fproduct_tag&post=5235"}],"curies":[{"name":"wp","href":"https:\/\/api.w.org\/{rel}","templated":true}]}}