{"id":5220,"date":"2021-09-08T08:56:59","date_gmt":"2021-09-08T07:56:59","guid":{"rendered":"http:\/\/www.wagnerverlag.at\/content\/?post_type=product&#038;p=5220"},"modified":"2022-01-10T11:57:05","modified_gmt":"2022-01-10T10:57:05","slug":"christliche-staetten-im-orient","status":"publish","type":"product","link":"https:\/\/www.wagnerverlag.at\/content\/?product=christliche-staetten-im-orient","title":{"rendered":"Christliche St\u00e4tten im Orient"},"content":{"rendered":"<p>Im Orient liegen die Wurzeln des christlichen Glaubens; von dort aus hat er sich nach Ost und West ausgebreitet und je nach Kultur verschiedene Formen der Liturgie entwickelt. Bei den Christen in den L\u00e4ndern des Orients hat sich ebenso aus ihrer anderen Gedankenwelt ein eigenst\u00e4ndiges geistliches Erbe gebildet, das uns die dortigen Kirchenv\u00e4ter hinterlassen haben. Dieses Erbe er\u00f6ffnet auch uns neue Zug\u00e4nge zum christlichen Glauben.<br \/>\nIn diesem Buch wird der Leser zu christlichen St\u00e4tten gef\u00fchrt, zu denen die Christen pilgern, um die Gottesmutter Maria oder andere beliebte Heilige zu verehren und deren Feste zu feiern oder es handelt sich um christliche St\u00e4tten, an denen wichtige Entscheidungen f\u00fcr den Gauben getroffen wurden. Unsere Kenntnis des christlichen Orients soll bereichert werden, um daraus das Verlangen nach Einheit der Christen zu wecken und zu vertiefen.<\/p>\n<p>Hans Hollerweger (geb. 1930 in St. Georgen im Attergau) ist ein \u00f6sterreichischer r\u00f6misch-katholischer Theologe. Er studierte in Linz Theologie und wurde 1954 zum Priester geweiht. Er wirkte einige Jahre in der Pastoral und als Musiklehrer am bisch\u00f6flichen Gymnasium Petrinum. Nach dem Studium der Liturgiewissenschaft in Trier promovierte er 1966 an der Theologischen Fakult\u00e4t der Universit\u00e4t Salzburg zum Doktor der Theologie und habilitierte sich 1972 an der Theologischen Fakult\u00e4t der Universit\u00e4t Graz. Doch bereits seit 1967 dozierte er an der Katholischen Privat-Universit\u00e4t Linz Liturgiewissenschaft und Sakramententheologie. Er wurde 1996 emeritiert. Seit 1989 bem\u00fchte er sich um die Christen im Orient und gr\u00fcndete der Verein \u201eInitiative Christlicher Orient\u201c.<\/p>\n<p><a href=\"https:\/\/www.wagnerverlag.at\/content\/wp-content\/uploads\/2021\/09\/Kern-Christliche-Staetten-76-145.pdf\">Kern Christliche St\u00e4tten 76-145<\/a><\/p>\n<p><a href=\"https:\/\/www.wagnerverlag.at\/content\/wp-content\/uploads\/2021\/09\/Furche-51_52_2021_p20.pdf\">Furche 51_52_2021_p20<\/a><\/p>\n","protected":false},"excerpt":{"rendered":"<p>Mit einem Gru\u00dfwort von Patriarch Louis Raphael Kardinal Sako<\/p>\n<p>223 S.<\/p>\n<p>Best.Nr. 2105<\/p>\n<p>&nbsp;<\/p>\n","protected":false},"featured_media":5224,"comment_status":"closed","ping_status":"closed","template":"","meta":{"pgc_meta":"","kia_subtitle":""},"product_cat":[126],"product_tag":[374],"acf":[],"_links":{"self":[{"href":"https:\/\/www.wagnerverlag.at\/content\/index.php?rest_route=\/wp\/v2\/product\/5220"}],"collection":[{"href":"https:\/\/www.wagnerverlag.at\/content\/index.php?rest_route=\/wp\/v2\/product"}],"about":[{"href":"https:\/\/www.wagnerverlag.at\/content\/index.php?rest_route=\/wp\/v2\/types\/product"}],"replies":[{"embeddable":true,"href":"https:\/\/www.wagnerverlag.at\/content\/index.php?rest_route=%2Fwp%2Fv2%2Fcomments&post=5220"}],"wp:featuredmedia":[{"embeddable":true,"href":"https:\/\/www.wagnerverlag.at\/content\/index.php?rest_route=\/wp\/v2\/media\/5224"}],"wp:attachment":[{"href":"https:\/\/www.wagnerverlag.at\/content\/index.php?rest_route=%2Fwp%2Fv2%2Fmedia&parent=5220"}],"wp:term":[{"taxonomy":"product_cat","embeddable":true,"href":"https:\/\/www.wagnerverlag.at\/content\/index.php?rest_route=%2Fwp%2Fv2%2Fproduct_cat&post=5220"},{"taxonomy":"product_tag","embeddable":true,"href":"https:\/\/www.wagnerverlag.at\/content\/index.php?rest_route=%2Fwp%2Fv2%2Fproduct_tag&post=5220"}],"curies":[{"name":"wp","href":"https:\/\/api.w.org\/{rel}","templated":true}]}}