{"id":5160,"date":"2021-06-08T08:16:24","date_gmt":"2021-06-08T07:16:24","guid":{"rendered":"http:\/\/www.wagnerverlag.at\/content\/?post_type=product&#038;p=5160"},"modified":"2021-06-11T16:25:40","modified_gmt":"2021-06-11T15:25:40","slug":"von-canisius-zum-canisianum","status":"publish","type":"product","link":"https:\/\/www.wagnerverlag.at\/content\/?product=von-canisius-zum-canisianum","title":{"rendered":"Von Canisius zum Canisianum"},"content":{"rendered":"<p>Das Collegium Canisianum erinnert mit dieser Neuerscheinung anl\u00e4sslich des 500. Geburtstags seines Namenspatrons an die Bedeutung des hl. Petrus Canisius f\u00fcr Innsbruck und Tirol. Das Canisianum steht als Zentrum f\u00fcr Aus- und Fortbildung von Priestern seit mehr 150 Jahren im Dienst der Weltkirche. Seine Geschichte und Internationalit\u00e4t werden in diesem Band ausf\u00fchrlich dargestellt &#8211; wie auch der Alltag des Studiums und das Leben\u00a0 Kolleg von 1945 bis in die Gegenwart.<\/p>\n<p><a href=\"https:\/\/www.wagnerverlag.at\/content\/wp-content\/uploads\/2021\/06\/FS-Canisianum-klDG.pdf\">FS Canisianum (klDG)<\/a><\/p>\n","protected":false},"excerpt":{"rendered":"<p>ISBN 9778-3-903040-55-7<\/p>\n<p>192 S.<\/p>\n<p>2102<\/p>\n","protected":false},"featured_media":5162,"comment_status":"closed","ping_status":"closed","template":"","meta":{"pgc_meta":"","kia_subtitle":""},"product_cat":[126],"product_tag":[370],"acf":[],"_links":{"self":[{"href":"https:\/\/www.wagnerverlag.at\/content\/index.php?rest_route=\/wp\/v2\/product\/5160"}],"collection":[{"href":"https:\/\/www.wagnerverlag.at\/content\/index.php?rest_route=\/wp\/v2\/product"}],"about":[{"href":"https:\/\/www.wagnerverlag.at\/content\/index.php?rest_route=\/wp\/v2\/types\/product"}],"replies":[{"embeddable":true,"href":"https:\/\/www.wagnerverlag.at\/content\/index.php?rest_route=%2Fwp%2Fv2%2Fcomments&post=5160"}],"wp:featuredmedia":[{"embeddable":true,"href":"https:\/\/www.wagnerverlag.at\/content\/index.php?rest_route=\/wp\/v2\/media\/5162"}],"wp:attachment":[{"href":"https:\/\/www.wagnerverlag.at\/content\/index.php?rest_route=%2Fwp%2Fv2%2Fmedia&parent=5160"}],"wp:term":[{"taxonomy":"product_cat","embeddable":true,"href":"https:\/\/www.wagnerverlag.at\/content\/index.php?rest_route=%2Fwp%2Fv2%2Fproduct_cat&post=5160"},{"taxonomy":"product_tag","embeddable":true,"href":"https:\/\/www.wagnerverlag.at\/content\/index.php?rest_route=%2Fwp%2Fv2%2Fproduct_tag&post=5160"}],"curies":[{"name":"wp","href":"https:\/\/api.w.org\/{rel}","templated":true}]}}