{"id":5047,"date":"2020-10-30T10:46:16","date_gmt":"2020-10-30T09:46:16","guid":{"rendered":"http:\/\/www.wagnerverlag.at\/content\/?post_type=product&#038;p=5047"},"modified":"2020-10-30T10:46:16","modified_gmt":"2020-10-30T09:46:16","slug":"das-weihnachtsgeheimnis","status":"publish","type":"product","link":"https:\/\/www.wagnerverlag.at\/content\/?product=das-weihnachtsgeheimnis","title":{"rendered":"Das Weihnachtsgeheimnis"},"content":{"rendered":"<p>Das Weihnachtsgeheimnis \u2013 ein Buch von Kindern und Menschen mit besonderen Begabungen. F\u00fcr Kinder und Erwachsene, zum Vorlesen, Nachdenken und Malen.<br \/>\nEinf\u00fchlsame Bilder von Melanie Vierziger, K\u00fcnstlerin in der Siebdruckwerkst\u00e4tte des Instituts Hartheim (O\u00d6.) f\u00fcr kognitiv und mehrfach beeintr\u00e4chtigte Menschen, dazu Texte von Sch\u00fclerinnen und Sch\u00fclern der xxxx Schule in Alkoven. Die bekannte Kinderbuchautorin Lene Mayer-Skumanz f\u00fchrt uns mit ber\u00fchrenden Beitr\u00e4gen f\u00fcr Eltern und Kinder zu einer neuen Sicht auf Advent und Weihnachten.<br \/>\nEin besonderes Buch f\u00fcr J\u00fcngere und \u00c4ltere, das man immer wieder gern in die Hand nimmt.<\/p>\n","protected":false},"excerpt":{"rendered":"<p>ISBN: 978-3-903040-52-6<\/p>\n<p>68 S.<\/p>\n<p>2005<\/p>\n","protected":false},"featured_media":5049,"comment_status":"closed","ping_status":"closed","template":"","meta":{"pgc_meta":"","kia_subtitle":""},"product_cat":[364],"product_tag":[365],"acf":[],"_links":{"self":[{"href":"https:\/\/www.wagnerverlag.at\/content\/index.php?rest_route=\/wp\/v2\/product\/5047"}],"collection":[{"href":"https:\/\/www.wagnerverlag.at\/content\/index.php?rest_route=\/wp\/v2\/product"}],"about":[{"href":"https:\/\/www.wagnerverlag.at\/content\/index.php?rest_route=\/wp\/v2\/types\/product"}],"replies":[{"embeddable":true,"href":"https:\/\/www.wagnerverlag.at\/content\/index.php?rest_route=%2Fwp%2Fv2%2Fcomments&post=5047"}],"wp:featuredmedia":[{"embeddable":true,"href":"https:\/\/www.wagnerverlag.at\/content\/index.php?rest_route=\/wp\/v2\/media\/5049"}],"wp:attachment":[{"href":"https:\/\/www.wagnerverlag.at\/content\/index.php?rest_route=%2Fwp%2Fv2%2Fmedia&parent=5047"}],"wp:term":[{"taxonomy":"product_cat","embeddable":true,"href":"https:\/\/www.wagnerverlag.at\/content\/index.php?rest_route=%2Fwp%2Fv2%2Fproduct_cat&post=5047"},{"taxonomy":"product_tag","embeddable":true,"href":"https:\/\/www.wagnerverlag.at\/content\/index.php?rest_route=%2Fwp%2Fv2%2Fproduct_tag&post=5047"}],"curies":[{"name":"wp","href":"https:\/\/api.w.org\/{rel}","templated":true}]}}