{"id":5041,"date":"2020-10-27T16:51:07","date_gmt":"2020-10-27T15:51:07","guid":{"rendered":"http:\/\/www.wagnerverlag.at\/content\/?post_type=product&#038;p=5041"},"modified":"2020-10-27T16:52:08","modified_gmt":"2020-10-27T15:52:08","slug":"dr-johann-gruber-annaeherung-und-anstoss","status":"publish","type":"product","link":"https:\/\/www.wagnerverlag.at\/content\/?product=dr-johann-gruber-annaeherung-und-anstoss","title":{"rendered":"Dr. Johann Gruber &#8211; Ann\u00e4herung und Ansto\u00df"},"content":{"rendered":"<p>Die 20 Beitr\u00e4ge des vorliegenden Sammelbandes tragen zur Ann\u00e4herung an das Leben und Martyrium des Priesters, P\u00e4dagogen und NS-Widerst\u00e4ndlers Dr. Johann Grubers bei.<br \/>\nDabei geht es zun\u00e4chst um das biografische, theologische und politische Profil in der Biografie Grubers sowie seine Bedeutung f\u00fcr die Gegenwart. Sodann werden Anst\u00f6\u00dfe der Pers\u00f6nlichkeit Grubers f\u00fcr die Vermittlungs- und Forschungsarbeit thematisiert. Die Bandbreite reicht hierbei von gedenkp\u00e4dagogischen Grundsatz\u00fcberlegungen \u00fcber didaktische Handreichungen f\u00fcr den Unterricht bis zur Darstellung konkreter Gedenkinitiativen und Forschungsprojekte. Schlie\u00dflich werden durch die Pers\u00f6nlichkeit Grubers induzierte k\u00fcnstlerische Anst\u00f6\u00dfe pr\u00e4sentiert: Ein Theaterst\u00fcck, poetische Texte, Bilder, k\u00fcnstlerische Interventionen im \u00f6ffentlichen Raum.<\/p>\n","protected":false},"excerpt":{"rendered":"<p>ISBN 978-3-903040-50-2<\/p>\n<p>202 S.<\/p>\n<p>2003<\/p>\n","protected":false},"featured_media":5043,"comment_status":"closed","ping_status":"closed","template":"","meta":{"pgc_meta":"","kia_subtitle":""},"product_cat":[111,117],"product_tag":[362],"acf":[],"_links":{"self":[{"href":"https:\/\/www.wagnerverlag.at\/content\/index.php?rest_route=\/wp\/v2\/product\/5041"}],"collection":[{"href":"https:\/\/www.wagnerverlag.at\/content\/index.php?rest_route=\/wp\/v2\/product"}],"about":[{"href":"https:\/\/www.wagnerverlag.at\/content\/index.php?rest_route=\/wp\/v2\/types\/product"}],"replies":[{"embeddable":true,"href":"https:\/\/www.wagnerverlag.at\/content\/index.php?rest_route=%2Fwp%2Fv2%2Fcomments&post=5041"}],"wp:featuredmedia":[{"embeddable":true,"href":"https:\/\/www.wagnerverlag.at\/content\/index.php?rest_route=\/wp\/v2\/media\/5043"}],"wp:attachment":[{"href":"https:\/\/www.wagnerverlag.at\/content\/index.php?rest_route=%2Fwp%2Fv2%2Fmedia&parent=5041"}],"wp:term":[{"taxonomy":"product_cat","embeddable":true,"href":"https:\/\/www.wagnerverlag.at\/content\/index.php?rest_route=%2Fwp%2Fv2%2Fproduct_cat&post=5041"},{"taxonomy":"product_tag","embeddable":true,"href":"https:\/\/www.wagnerverlag.at\/content\/index.php?rest_route=%2Fwp%2Fv2%2Fproduct_tag&post=5041"}],"curies":[{"name":"wp","href":"https:\/\/api.w.org\/{rel}","templated":true}]}}