{"id":4861,"date":"2019-11-15T16:42:06","date_gmt":"2019-11-15T15:42:06","guid":{"rendered":"http:\/\/www.wagnerverlag.at\/content\/?post_type=product&#038;p=4861"},"modified":"2020-10-27T14:51:30","modified_gmt":"2020-10-27T13:51:30","slug":"beruehrt-von-der-majestaet-des-todes","status":"publish","type":"product","link":"https:\/\/www.wagnerverlag.at\/content\/?product=beruehrt-von-der-majestaet-des-todes","title":{"rendered":"&#8222;&#8230;ber\u00fchrt von der Majest\u00e4t des Todes &#8230;&#8220;"},"content":{"rendered":"<p>Um die Mumie in der Kirchengruft von St. Thomas am Blasenstein ranken sich viele Ger\u00fcchte: Ein Pfarrer soll es gewesen sein, der wom\u00f6glich einem Giftmord zum Opfer fiel. Seine Mumifizierung wurde gar als Wunder betrachtet. Nicht nur Schaulustige, sondern auch Hilfesuchende pilgerten daher in das kleine M\u00fchlviertler Dorf.<br \/>\nSpezialisten f\u00fcr ungekl\u00e4rte Todesf\u00e4lle aus den Bereichen der Rechtsmedizin, Pathologie, Radiologie und Forensik gelang es nun, dem Toten seine Identit\u00e4t wiederzugeben. Ein R\u00e4tsel aus einem l\u00e4ngst vergangenen Jahrhundert wurde gel\u00f6st. Die Spurensuche zeichnet das Leben und das historische Umfeld eines Menschen nach, der unruhige Zeiten durchlebt hatte und ein tragisches Ende fand.<\/p>\n","protected":false},"excerpt":{"rendered":"<p>ISBN 978-3-903040-42-7<\/p>\n<p>213 S.<\/p>\n<p>Best.Nr.: 1909<\/p>\n","protected":false},"featured_media":4864,"comment_status":"closed","ping_status":"closed","template":"","meta":{"pgc_meta":"","kia_subtitle":"Die Mumie in der Kirchengruft von St. Thomas am Blasenstein"},"product_cat":[126],"product_tag":[355],"acf":[],"_links":{"self":[{"href":"https:\/\/www.wagnerverlag.at\/content\/index.php?rest_route=\/wp\/v2\/product\/4861"}],"collection":[{"href":"https:\/\/www.wagnerverlag.at\/content\/index.php?rest_route=\/wp\/v2\/product"}],"about":[{"href":"https:\/\/www.wagnerverlag.at\/content\/index.php?rest_route=\/wp\/v2\/types\/product"}],"replies":[{"embeddable":true,"href":"https:\/\/www.wagnerverlag.at\/content\/index.php?rest_route=%2Fwp%2Fv2%2Fcomments&post=4861"}],"wp:featuredmedia":[{"embeddable":true,"href":"https:\/\/www.wagnerverlag.at\/content\/index.php?rest_route=\/wp\/v2\/media\/4864"}],"wp:attachment":[{"href":"https:\/\/www.wagnerverlag.at\/content\/index.php?rest_route=%2Fwp%2Fv2%2Fmedia&parent=4861"}],"wp:term":[{"taxonomy":"product_cat","embeddable":true,"href":"https:\/\/www.wagnerverlag.at\/content\/index.php?rest_route=%2Fwp%2Fv2%2Fproduct_cat&post=4861"},{"taxonomy":"product_tag","embeddable":true,"href":"https:\/\/www.wagnerverlag.at\/content\/index.php?rest_route=%2Fwp%2Fv2%2Fproduct_tag&post=4861"}],"curies":[{"name":"wp","href":"https:\/\/api.w.org\/{rel}","templated":true}]}}