{"id":4787,"date":"2019-08-30T08:41:36","date_gmt":"2019-08-30T07:41:36","guid":{"rendered":"http:\/\/www.wagnerverlag.at\/content\/?post_type=product&#038;p=4787"},"modified":"2019-08-30T08:41:37","modified_gmt":"2019-08-30T07:41:37","slug":"katholisch-oder-kirchlich-in-oesterreich","status":"publish","type":"product","link":"https:\/\/www.wagnerverlag.at\/content\/?product=katholisch-oder-kirchlich-in-oesterreich","title":{"rendered":"Katholisch oder Kirchlich in \u00d6sterreich"},"content":{"rendered":"<p>&#8222;Katholisch oder kirchlich in \u00d6sterreich&#8220; &#8211; Aus Anlass seines 85. Geburtstages geht der renommierte Grazer Kirchenhistoriker Maximilian Liebmann in f\u00fcrnf Abhandlungen dieser Frage nach. Er spannt einen Bogen vom einzigartigen Protestbrief Johannes Udes (1874-1965) gegen die barbarischen Ereignisse der Reichspogrommacht 1938, \u00fcber den Dank des Pastoraltheologen Michael Pflieglers (1891-1972) an das NS-Regime f\u00fcr die Liquidierung der katholischen Vereine vom April 1938, zum Beschluss der \u00d6sterreichischen Bischofskonferenz im Jahr 1945, der die Wiederstehung der Vereine verbietet, bis hin zum Mariazeller Manifest von 1952. Au\u00dferdem behandelt er die Pastoraldoktorin von Karl Rudolf (1886-1964), die nach 1945 immer noch davon ausgeht, dass Widerstand gegen die Gr\u00e4ueltaten der Nationalsozialisten nicht der Bibel entspricht.<\/p>\n","protected":false},"excerpt":{"rendered":"<p>ISBN: 978-3-903040-40-3<\/p>\n<p>52 Seiten<\/p>\n<p>1907<\/p>\n","protected":false},"featured_media":4788,"comment_status":"closed","ping_status":"closed","template":"","meta":{"pgc_meta":"","kia_subtitle":""},"product_cat":[126],"product_tag":[348,349,350,351,352],"acf":[],"_links":{"self":[{"href":"https:\/\/www.wagnerverlag.at\/content\/index.php?rest_route=\/wp\/v2\/product\/4787"}],"collection":[{"href":"https:\/\/www.wagnerverlag.at\/content\/index.php?rest_route=\/wp\/v2\/product"}],"about":[{"href":"https:\/\/www.wagnerverlag.at\/content\/index.php?rest_route=\/wp\/v2\/types\/product"}],"replies":[{"embeddable":true,"href":"https:\/\/www.wagnerverlag.at\/content\/index.php?rest_route=%2Fwp%2Fv2%2Fcomments&post=4787"}],"wp:featuredmedia":[{"embeddable":true,"href":"https:\/\/www.wagnerverlag.at\/content\/index.php?rest_route=\/wp\/v2\/media\/4788"}],"wp:attachment":[{"href":"https:\/\/www.wagnerverlag.at\/content\/index.php?rest_route=%2Fwp%2Fv2%2Fmedia&parent=4787"}],"wp:term":[{"taxonomy":"product_cat","embeddable":true,"href":"https:\/\/www.wagnerverlag.at\/content\/index.php?rest_route=%2Fwp%2Fv2%2Fproduct_cat&post=4787"},{"taxonomy":"product_tag","embeddable":true,"href":"https:\/\/www.wagnerverlag.at\/content\/index.php?rest_route=%2Fwp%2Fv2%2Fproduct_tag&post=4787"}],"curies":[{"name":"wp","href":"https:\/\/api.w.org\/{rel}","templated":true}]}}