{"id":4781,"date":"2019-08-05T09:20:14","date_gmt":"2019-08-05T08:20:14","guid":{"rendered":"http:\/\/www.wagnerverlag.at\/content\/?post_type=product&#038;p=4781"},"modified":"2019-08-05T09:21:02","modified_gmt":"2019-08-05T08:21:02","slug":"vigilien","status":"publish","type":"product","link":"https:\/\/www.wagnerverlag.at\/content\/?product=vigilien","title":{"rendered":"Vigilien"},"content":{"rendered":"<p>Nach &#8222;Spiegelungen&#8220; (2011) und &#8222;Sp\u00e4tlese&#8220; &#8211; erschienen 2018 anl\u00e4sslich des 90. Geburtstags von Jan Kurec &#8211; wird nun mit &#8222;Vigilien&#8220; ein dritter Gedichtband wieder ver\u00f6ffentlicht:<br \/>\nErstmals wurde dieser 2008 gedruckt, damals im Eigenverlag.<br \/>\nIn der Vorliegenden Ausgabe erscheint er nun gestalterisch angelehnt an die Form der beiden anderen und er wurde auch deutlich erweitert um bislang noch nicht ver\u00f6ffentliche Verse.<\/p>\n","protected":false},"excerpt":{"rendered":"<p>ISBN: 978-3-903040-36-6<\/p>\n<p>92 Seiten<\/p>\n<p>1903<\/p>\n","protected":false},"featured_media":4779,"comment_status":"closed","ping_status":"closed","template":"","meta":{"pgc_meta":"","kia_subtitle":""},"product_cat":[331],"product_tag":[347,345,346],"acf":[],"_links":{"self":[{"href":"https:\/\/www.wagnerverlag.at\/content\/index.php?rest_route=\/wp\/v2\/product\/4781"}],"collection":[{"href":"https:\/\/www.wagnerverlag.at\/content\/index.php?rest_route=\/wp\/v2\/product"}],"about":[{"href":"https:\/\/www.wagnerverlag.at\/content\/index.php?rest_route=\/wp\/v2\/types\/product"}],"replies":[{"embeddable":true,"href":"https:\/\/www.wagnerverlag.at\/content\/index.php?rest_route=%2Fwp%2Fv2%2Fcomments&post=4781"}],"wp:featuredmedia":[{"embeddable":true,"href":"https:\/\/www.wagnerverlag.at\/content\/index.php?rest_route=\/wp\/v2\/media\/4779"}],"wp:attachment":[{"href":"https:\/\/www.wagnerverlag.at\/content\/index.php?rest_route=%2Fwp%2Fv2%2Fmedia&parent=4781"}],"wp:term":[{"taxonomy":"product_cat","embeddable":true,"href":"https:\/\/www.wagnerverlag.at\/content\/index.php?rest_route=%2Fwp%2Fv2%2Fproduct_cat&post=4781"},{"taxonomy":"product_tag","embeddable":true,"href":"https:\/\/www.wagnerverlag.at\/content\/index.php?rest_route=%2Fwp%2Fv2%2Fproduct_tag&post=4781"}],"curies":[{"name":"wp","href":"https:\/\/api.w.org\/{rel}","templated":true}]}}