{"id":4771,"date":"2019-07-24T14:19:55","date_gmt":"2019-07-24T13:19:55","guid":{"rendered":"http:\/\/www.wagnerverlag.at\/content\/?post_type=product&#038;p=4771"},"modified":"2019-08-05T09:21:49","modified_gmt":"2019-08-05T08:21:49","slug":"freiheit-glueck-leben","status":"publish","type":"product","link":"https:\/\/www.wagnerverlag.at\/content\/?product=freiheit-glueck-leben","title":{"rendered":"Freiheit &#8211; Gl\u00fcck &#8211; Leben"},"content":{"rendered":"<p>Religion ist nicht mehr &#8222;wie fr\u00fcher&#8220;. S\u00e4kularisierung geschieht, manchmal radikal, manchmal subtil. Seit dem Jahr 2000 wurden etwa 500 katholische Kirchen umgewidmet und 140 davon abgerissen. Wir sind in einer Zeit- und Weggenossenschaft verbunden, die wir in Europa als s\u00e4kular erleben. Die S\u00e4kularit\u00e4t ist unser gemeinsamer Kontext, in dem auch Christ*innen leben, nicht in einer Sonderwelt, sondern in DIESER Welt. Was will uns Gott durch diese Entwicklung sagen?<\/p>\n","protected":false},"excerpt":{"rendered":"<p>ISBN 978-3-903040-39-7<\/p>\n<p>249 Seiten<\/p>\n<p>Best.Nr. 1906<\/p>\n","protected":false},"featured_media":4775,"comment_status":"closed","ping_status":"closed","template":"","meta":{"pgc_meta":"","kia_subtitle":"S\u00e4kularit\u00e4t und pastorales Handeln"},"product_cat":[115],"product_tag":[340],"acf":[],"_links":{"self":[{"href":"https:\/\/www.wagnerverlag.at\/content\/index.php?rest_route=\/wp\/v2\/product\/4771"}],"collection":[{"href":"https:\/\/www.wagnerverlag.at\/content\/index.php?rest_route=\/wp\/v2\/product"}],"about":[{"href":"https:\/\/www.wagnerverlag.at\/content\/index.php?rest_route=\/wp\/v2\/types\/product"}],"replies":[{"embeddable":true,"href":"https:\/\/www.wagnerverlag.at\/content\/index.php?rest_route=%2Fwp%2Fv2%2Fcomments&post=4771"}],"wp:featuredmedia":[{"embeddable":true,"href":"https:\/\/www.wagnerverlag.at\/content\/index.php?rest_route=\/wp\/v2\/media\/4775"}],"wp:attachment":[{"href":"https:\/\/www.wagnerverlag.at\/content\/index.php?rest_route=%2Fwp%2Fv2%2Fmedia&parent=4771"}],"wp:term":[{"taxonomy":"product_cat","embeddable":true,"href":"https:\/\/www.wagnerverlag.at\/content\/index.php?rest_route=%2Fwp%2Fv2%2Fproduct_cat&post=4771"},{"taxonomy":"product_tag","embeddable":true,"href":"https:\/\/www.wagnerverlag.at\/content\/index.php?rest_route=%2Fwp%2Fv2%2Fproduct_tag&post=4771"}],"curies":[{"name":"wp","href":"https:\/\/api.w.org\/{rel}","templated":true}]}}