{"id":4765,"date":"2019-07-22T16:02:13","date_gmt":"2019-07-22T15:02:13","guid":{"rendered":"http:\/\/www.wagnerverlag.at\/content\/?post_type=product&#038;p=4765"},"modified":"2019-08-05T09:19:02","modified_gmt":"2019-08-05T08:19:02","slug":"pudlhaubm-und-schneidafleck","status":"publish","type":"product","link":"https:\/\/www.wagnerverlag.at\/content\/?product=pudlhaubm-und-schneidafleck","title":{"rendered":"Pudlhaubm und Schneidafleck"},"content":{"rendered":"<p>Wer den Tod ernst nimmt, der nimmt das Leben ernst. Das Leben nimmt\u00a0 ernst, wer es in seiner Begrenztheit und seiner Verg\u00e4nglichkeit akzeptiert. Fredi, einer der Protagonisten im Buch,\u00a0 mu\u00df zur Kenntnis nehmen, er kann sich nichts mitnehmen, weder seine geliebte &#8222;Pudlhaubm&#8220; noch die leckere Mehlspeise, die sogenannten &#8222;Schneidafleck&#8220;. W\u00e4re unser Leben unbegrenzt, dann w\u00e4re unser Leben wahrscheinlich langweilig, inaktiv, wert- und sinnlos. Erst der Tod gibt dem Leben Wert und Sinn. Die Besch\u00e4ftigung mit dem Tod ist die Besch\u00e4ftigung mit dem Leben in seiner Sch\u00f6nheit, Gr\u00f6\u00dfe und Bedeutung.<\/p>\n","protected":false},"excerpt":{"rendered":"<p>ISBN: 978-3-903040-38-0<\/p>\n<p>164 Seiten<\/p>\n<p>1905<\/p>\n","protected":false},"featured_media":4767,"comment_status":"closed","ping_status":"closed","template":"","meta":{"pgc_meta":"","kia_subtitle":"La petite mort"},"product_cat":[331],"product_tag":[156],"acf":[],"_links":{"self":[{"href":"https:\/\/www.wagnerverlag.at\/content\/index.php?rest_route=\/wp\/v2\/product\/4765"}],"collection":[{"href":"https:\/\/www.wagnerverlag.at\/content\/index.php?rest_route=\/wp\/v2\/product"}],"about":[{"href":"https:\/\/www.wagnerverlag.at\/content\/index.php?rest_route=\/wp\/v2\/types\/product"}],"replies":[{"embeddable":true,"href":"https:\/\/www.wagnerverlag.at\/content\/index.php?rest_route=%2Fwp%2Fv2%2Fcomments&post=4765"}],"wp:featuredmedia":[{"embeddable":true,"href":"https:\/\/www.wagnerverlag.at\/content\/index.php?rest_route=\/wp\/v2\/media\/4767"}],"wp:attachment":[{"href":"https:\/\/www.wagnerverlag.at\/content\/index.php?rest_route=%2Fwp%2Fv2%2Fmedia&parent=4765"}],"wp:term":[{"taxonomy":"product_cat","embeddable":true,"href":"https:\/\/www.wagnerverlag.at\/content\/index.php?rest_route=%2Fwp%2Fv2%2Fproduct_cat&post=4765"},{"taxonomy":"product_tag","embeddable":true,"href":"https:\/\/www.wagnerverlag.at\/content\/index.php?rest_route=%2Fwp%2Fv2%2Fproduct_tag&post=4765"}],"curies":[{"name":"wp","href":"https:\/\/api.w.org\/{rel}","templated":true}]}}