{"id":4757,"date":"2019-06-18T09:41:34","date_gmt":"2019-06-18T08:41:34","guid":{"rendered":"http:\/\/www.wagnerverlag.at\/content\/?post_type=product&#038;p=4757"},"modified":"2019-06-19T09:24:26","modified_gmt":"2019-06-19T08:24:26","slug":"pfarre-linz-st-margarethen-zaubertal","status":"publish","type":"product","link":"https:\/\/www.wagnerverlag.at\/content\/?product=pfarre-linz-st-margarethen-zaubertal","title":{"rendered":"Pfarre Linz St. Margarethen Zaubertal"},"content":{"rendered":"<p>In diesem 64 Seiten starken und gut bebilderten Heft wird die Geschichte der Pfarre Linz-St. Margarethen, die Baudenkm\u00e4ler und Heiligt\u00fcmer dargestellt. Aber auch die Menschen aus der Pfarre kommen zu Wort. Sie berichten \u00fcber ihre Erfahrungsbereiche und \u00fcber ihr Engagment in der Pfarre. Damit entsteht das Bild einer lebendigen Pfarre, die \u2013 geleitet von einem Provisor zusammen mit einerm Seeleorgeteam und einer Pastoralassistentin \u2013 auf eigenen Beinen steht und so optimistisch in die Zukunft blicken kann. St. Margarethen ist eines der Beispiele, welche Chancen besonders f\u00fcr kleinere Pfarren bestehen, wenn die Leitungsuafgabe auf mehrere Personen aufgeteilt werden.<\/p>\n","protected":false},"excerpt":{"rendered":"<p>ISBN-Nummer: 978-3-903040-37-3<\/p>\n<p>Ladenpreis: Auf Anfrage!<\/p>\n<p>Bestell Nr. 1904<\/p>\n","protected":false},"featured_media":4756,"comment_status":"closed","ping_status":"closed","template":"","meta":{"pgc_meta":"","kia_subtitle":""},"product_cat":[126],"product_tag":[],"acf":[],"_links":{"self":[{"href":"https:\/\/www.wagnerverlag.at\/content\/index.php?rest_route=\/wp\/v2\/product\/4757"}],"collection":[{"href":"https:\/\/www.wagnerverlag.at\/content\/index.php?rest_route=\/wp\/v2\/product"}],"about":[{"href":"https:\/\/www.wagnerverlag.at\/content\/index.php?rest_route=\/wp\/v2\/types\/product"}],"replies":[{"embeddable":true,"href":"https:\/\/www.wagnerverlag.at\/content\/index.php?rest_route=%2Fwp%2Fv2%2Fcomments&post=4757"}],"wp:featuredmedia":[{"embeddable":true,"href":"https:\/\/www.wagnerverlag.at\/content\/index.php?rest_route=\/wp\/v2\/media\/4756"}],"wp:attachment":[{"href":"https:\/\/www.wagnerverlag.at\/content\/index.php?rest_route=%2Fwp%2Fv2%2Fmedia&parent=4757"}],"wp:term":[{"taxonomy":"product_cat","embeddable":true,"href":"https:\/\/www.wagnerverlag.at\/content\/index.php?rest_route=%2Fwp%2Fv2%2Fproduct_cat&post=4757"},{"taxonomy":"product_tag","embeddable":true,"href":"https:\/\/www.wagnerverlag.at\/content\/index.php?rest_route=%2Fwp%2Fv2%2Fproduct_tag&post=4757"}],"curies":[{"name":"wp","href":"https:\/\/api.w.org\/{rel}","templated":true}]}}