{"id":4736,"date":"2019-04-24T09:37:54","date_gmt":"2019-04-24T08:37:54","guid":{"rendered":"http:\/\/www.wagnerverlag.at\/content\/?post_type=product&#038;p=4736"},"modified":"2019-04-25T11:14:16","modified_gmt":"2019-04-25T10:14:16","slug":"stift-schlaegl","status":"publish","type":"product","link":"https:\/\/www.wagnerverlag.at\/content\/?product=stift-schlaegl","title":{"rendered":"Stift Schl\u00e4gl"},"content":{"rendered":"<p><span style=\"font-size: 14pt;\">Beitr\u00e4ge zu Geschichte und Kultur<\/span><\/p>\n<p>Das 800 Jahr-Jubil\u00e4um ist f\u00fcr das Stift Schl\u00e4gl Anlass f\u00fcr die Herausgabe dieses Bandes. In der Tradition des Stiftes erscheint zu solchen Anl\u00e4ssen aber keine Festschrift, sondern ein thematisch wohl \u00fcberlegter wissenschaftlicher Sammelband, diesmal herausgegeben von den Konventualen Petrus Bayer und Ulrich Leinsle. Petrus Bayer bietet eingangs eine\u00a0 \u00dcberblick \u00fcber die 800-j\u00e4hrigen Geschichte des Stiftes. Ulrich G. Leinsle referiert Schl\u00e4gl als Ort von Provinzialkapiteln und Pr\u00e4latenkonventen in der Zeit von 1642 \u20131659. Jana Oppeltov\u00e1 \/ Hedvika Kuchar?ov\u00e1 besch\u00e4ftigen sich mit den Kopialb\u00fcchern des Stiftes Schl\u00e4gl im Kontext der narrativen Quellen der B\u00f6hmisch-M\u00e4hrischen Zirkarie. Johannes Ramharter, der \u00fcbrigens zum selben Anlass eine eigene Monografie \u00fcber Abt Martin Greysing vorgelegt hat, besch\u00e4ftigt sich in diesem Aufsatz\u00a0 mit Ikonographie der Ausstattungsprojekte von Martin Greysing (1592-1665). Barocke Tischlerarbeiten\u00a0 (Michael Bohr), die Genese der Schl\u00e4gler Kunst (Hannes Etzlstorfer) und eine Einblick in die Gem\u00e4ldesammlung (Stephan Weber) runden den Band ab. Als Zugabe bietet der Band einen Rundgang durch 12 Aquarelle, die von dem aus Schl\u00e4gl stammenden zeitgen\u00f6ssischen K\u00fcnstler Norbert F\u00fcrlinger geschaffen wurde. Der\u00a0 291 Seiten starke Band gibt Interessierten einen Einblick in Geschichte und Kultur des ehrw\u00fcrdigen Pr\u00e4monstratenserstiftes.<\/p>\n<p>&nbsp;<\/p>\n<p>&nbsp;<\/p>\n","protected":false},"excerpt":{"rendered":"<p>ISBN 978-3-903040-35-9<\/p>\n<p>291 Seiten<\/p>\n<p>Best. Nr. 0902<\/p>\n","protected":false},"featured_media":4737,"comment_status":"closed","ping_status":"closed","template":"","meta":{"pgc_meta":"","kia_subtitle":""},"product_cat":[126],"product_tag":[],"acf":[],"_links":{"self":[{"href":"https:\/\/www.wagnerverlag.at\/content\/index.php?rest_route=\/wp\/v2\/product\/4736"}],"collection":[{"href":"https:\/\/www.wagnerverlag.at\/content\/index.php?rest_route=\/wp\/v2\/product"}],"about":[{"href":"https:\/\/www.wagnerverlag.at\/content\/index.php?rest_route=\/wp\/v2\/types\/product"}],"replies":[{"embeddable":true,"href":"https:\/\/www.wagnerverlag.at\/content\/index.php?rest_route=%2Fwp%2Fv2%2Fcomments&post=4736"}],"wp:featuredmedia":[{"embeddable":true,"href":"https:\/\/www.wagnerverlag.at\/content\/index.php?rest_route=\/wp\/v2\/media\/4737"}],"wp:attachment":[{"href":"https:\/\/www.wagnerverlag.at\/content\/index.php?rest_route=%2Fwp%2Fv2%2Fmedia&parent=4736"}],"wp:term":[{"taxonomy":"product_cat","embeddable":true,"href":"https:\/\/www.wagnerverlag.at\/content\/index.php?rest_route=%2Fwp%2Fv2%2Fproduct_cat&post=4736"},{"taxonomy":"product_tag","embeddable":true,"href":"https:\/\/www.wagnerverlag.at\/content\/index.php?rest_route=%2Fwp%2Fv2%2Fproduct_tag&post=4736"}],"curies":[{"name":"wp","href":"https:\/\/api.w.org\/{rel}","templated":true}]}}