{"id":4646,"date":"2018-10-25T09:40:33","date_gmt":"2018-10-25T08:40:33","guid":{"rendered":"http:\/\/www.wagnerverlag.at\/content\/?post_type=product&#038;p=4646"},"modified":"2020-12-22T16:01:59","modified_gmt":"2020-12-22T15:01:59","slug":"karl-b-waldeck-1841-1905-saemtliche-orgelwerke","status":"publish","type":"product","link":"https:\/\/www.wagnerverlag.at\/content\/?product=karl-b-waldeck-1841-1905-saemtliche-orgelwerke","title":{"rendered":"Karl B. Waldeck (1841-1905), S\u00e4mtliche Orgelwerke"},"content":{"rendered":"<p>Der Komponist Karl Borrom\u00e4us Waldeck z\u00e4hlt zu den wichtigsten Sch\u00fclern Anton Bruckners. Er gelangte fr\u00fch in den Wirkungskreis seines Lehrers und war oftmals Ohrenzeuge\u00a0 der ber\u00fchmt gewordenen Orgelimprovisationen Bruckners gewesen. Waldeck wurde schlie\u00dflich auch Bruckners Nachfolger als Dom- und Stadtpfarrorganist in Linz und schuf selbst zahlreiche Kompositionen. Die Edition, herausgegeben vom Stiftsorganisten und Musikwissenschafter Ikarus Kaiser und vom Konventualen des Stiftes P. Maximilian Bak OCist, vereint alle bis heute \u00fcberlieferten Orgelwerke Karl Waldecks. Ein umfangreicher wissenschaftlicher Kommentar erg\u00e4nzt die Ausgabe.<\/p>\n<p><a href=\"https:\/\/www.wagnerverlag.at\/content\/wp-content\/uploads\/2018\/10\/Waldeck_Orgelwerke_Notenbeispiel.pdf\">Waldeck_Orgelwerke_Notenbeispiel<\/a><\/p>\n","protected":false},"excerpt":{"rendered":"<p>Der Komponist Karl Borrom\u00e4us Waldeck z\u00e4hlt zu den wichtigsten Sch\u00fclern Anton Bruckners. Er gelangte fr\u00fch in den Wirkungskreis seines Lehrers und war oftmals Ohrenzeuge\u00a0 der ber\u00fchmt gewordenen Orgelimprovisationen Bruckners gewesen. Waldeck wurde schlie\u00dflich auch Bruckners Nachfolger als Dom- und Stadtpfarrorganist in Linz und schuf selbst zahlreiche Kompositionen. Die Edition, herausgegeben vom Stiftsorganisten und Musikwissenschafter Ikarus Kaiser und vom Konventualen des Stiftes P. Maximilian Bak OCist, vereint alle bis heute \u00fcberlieferten Orgelwerke Karl Waldecks. Ein umfangreicher&hellip;<\/p>\n","protected":false},"featured_media":4648,"comment_status":"closed","ping_status":"closed","template":"","meta":{"pgc_meta":"","kia_subtitle":""},"product_cat":[334],"product_tag":[],"acf":[],"_links":{"self":[{"href":"https:\/\/www.wagnerverlag.at\/content\/index.php?rest_route=\/wp\/v2\/product\/4646"}],"collection":[{"href":"https:\/\/www.wagnerverlag.at\/content\/index.php?rest_route=\/wp\/v2\/product"}],"about":[{"href":"https:\/\/www.wagnerverlag.at\/content\/index.php?rest_route=\/wp\/v2\/types\/product"}],"replies":[{"embeddable":true,"href":"https:\/\/www.wagnerverlag.at\/content\/index.php?rest_route=%2Fwp%2Fv2%2Fcomments&post=4646"}],"wp:featuredmedia":[{"embeddable":true,"href":"https:\/\/www.wagnerverlag.at\/content\/index.php?rest_route=\/wp\/v2\/media\/4648"}],"wp:attachment":[{"href":"https:\/\/www.wagnerverlag.at\/content\/index.php?rest_route=%2Fwp%2Fv2%2Fmedia&parent=4646"}],"wp:term":[{"taxonomy":"product_cat","embeddable":true,"href":"https:\/\/www.wagnerverlag.at\/content\/index.php?rest_route=%2Fwp%2Fv2%2Fproduct_cat&post=4646"},{"taxonomy":"product_tag","embeddable":true,"href":"https:\/\/www.wagnerverlag.at\/content\/index.php?rest_route=%2Fwp%2Fv2%2Fproduct_tag&post=4646"}],"curies":[{"name":"wp","href":"https:\/\/api.w.org\/{rel}","templated":true}]}}