{"id":4580,"date":"2018-07-20T08:15:11","date_gmt":"2018-07-20T07:15:11","guid":{"rendered":"http:\/\/www.wagnerverlag.at\/content\/?post_type=product&#038;p=4580"},"modified":"2018-07-25T10:43:10","modified_gmt":"2018-07-25T09:43:10","slug":"steyr-stadt-der-reformation","status":"publish","type":"product","link":"https:\/\/www.wagnerverlag.at\/content\/?product=steyr-stadt-der-reformation","title":{"rendered":"Steyr Stadt der Reformation"},"content":{"rendered":"<p>Steyr hat eine lange Geschichte. Wenige wissen, dass es auch eine lange evangelische Geschichte hat.<br \/>\nF\u00fcr rund hundert Jahre hat die Reformation die Stadt, ihre Geschichte und ihre<br \/>\nErscheinung entscheidend gepr\u00e4gt. So ist die Stadtgeschichte von 1517 bis 1627<br \/>\nder Spiegel einer bewegten Epoche voller Aufbr\u00fcche und Reformen, aber auch von<br \/>\nKonflikten und Spannungen.<br \/>\nIn diesem Buch wird diese Zeit geschildert. Beginnend bei den Waldenser und endend<br \/>\nmit dem Gemeinsamen Wort zum Reformationsgedenken 2017 erz\u00e4hlt es die<br \/>\nvielf\u00e4ltige, interessante und bewegende Geschichte der Menschen dieser Stadt.<\/p>\n","protected":false},"excerpt":{"rendered":"<p>Steyr hat eine lange Geschichte. Wenige wissen, dass es auch eine lange evangelische Geschichte hat. F\u00fcr rund hundert Jahre hat die Reformation die Stadt, ihre Geschichte und ihre Erscheinung entscheidend gepr\u00e4gt. So ist die Stadtgeschichte von 1517 bis 1627 der Spiegel einer bewegten Epoche voller Aufbr\u00fcche und Reformen, aber auch von Konflikten und Spannungen. In diesem Buch wird diese Zeit geschildert. Beginnend bei den Waldenser und endend mit dem Gemeinsamen Wort zum Reformationsgedenken 2017 erz\u00e4hlt&hellip;<\/p>\n","protected":false},"featured_media":4599,"comment_status":"closed","ping_status":"closed","template":"","meta":{"pgc_meta":"","kia_subtitle":"Das evangelische Jahrhundert von 1517 bis 1627"},"product_cat":[126],"product_tag":[],"acf":[],"_links":{"self":[{"href":"https:\/\/www.wagnerverlag.at\/content\/index.php?rest_route=\/wp\/v2\/product\/4580"}],"collection":[{"href":"https:\/\/www.wagnerverlag.at\/content\/index.php?rest_route=\/wp\/v2\/product"}],"about":[{"href":"https:\/\/www.wagnerverlag.at\/content\/index.php?rest_route=\/wp\/v2\/types\/product"}],"replies":[{"embeddable":true,"href":"https:\/\/www.wagnerverlag.at\/content\/index.php?rest_route=%2Fwp%2Fv2%2Fcomments&post=4580"}],"wp:featuredmedia":[{"embeddable":true,"href":"https:\/\/www.wagnerverlag.at\/content\/index.php?rest_route=\/wp\/v2\/media\/4599"}],"wp:attachment":[{"href":"https:\/\/www.wagnerverlag.at\/content\/index.php?rest_route=%2Fwp%2Fv2%2Fmedia&parent=4580"}],"wp:term":[{"taxonomy":"product_cat","embeddable":true,"href":"https:\/\/www.wagnerverlag.at\/content\/index.php?rest_route=%2Fwp%2Fv2%2Fproduct_cat&post=4580"},{"taxonomy":"product_tag","embeddable":true,"href":"https:\/\/www.wagnerverlag.at\/content\/index.php?rest_route=%2Fwp%2Fv2%2Fproduct_tag&post=4580"}],"curies":[{"name":"wp","href":"https:\/\/api.w.org\/{rel}","templated":true}]}}