{"id":4576,"date":"2018-07-20T07:32:42","date_gmt":"2018-07-20T06:32:42","guid":{"rendered":"http:\/\/www.wagnerverlag.at\/content\/?post_type=product&#038;p=4576"},"modified":"2018-07-25T09:00:44","modified_gmt":"2018-07-25T08:00:44","slug":"der-glasmaler-josef-raukamp","status":"publish","type":"product","link":"https:\/\/www.wagnerverlag.at\/content\/?product=der-glasmaler-josef-raukamp","title":{"rendered":"Der Glasmaler Josef Raukamp"},"content":{"rendered":"<p>Der aus dem Rheinland stammende Glasmaler Josef Raukamp (1881-1960) hat in der \u201eOber\u00f6sterreichischen Glasmalerei\u201c in Linz die Entwicklung dieser Kunstgattung entscheidend mitgepr\u00e4gt. 1900 fand er in der Glasmalerei \u201ePenner &amp; Sch\u00fcrer\u201c in Linz Anstellung und erwarb diese 1915. Als K\u00fcnstler ging es Raukamp nicht nur darum, f\u00fcr Ober\u00f6sterreich den Anschluss an die Moderne zu finden. Vielmehr erweckte er erfolgreich die \u201eklassische\u201c Technik zu neuem Leben. Dabei wurden nicht, wie im Historismus, die Glasscheiben einfach bemalt, sondern \u2013 wie im Mittelalter &#8211; die einzelnen Farbgl\u00e4ser mosaikartig zusammengesetzt und von Bleiruten fixiert. Hier hat Raukamp zweifellos Pionierarbeit geleistet, obwohl ihm von der Kirchenleitung wegen seines \u201emodernen\u201c Stils immer wieder Hindernisse in den Weg gelegt wurden. Ungeachtet dessen fanden seine Fenster in den ober\u00f6sterreichischen Pfarren gro\u00dfen Anklang. In mehr als 70 Kirchen und Kapellen der Di\u00f6zese ( von A wie Attnang bis U wie Ungenach) finden sich Kirchenfenster aus dem Schaffen.<\/p>\n<p>1953 verkaufte Raukamp seinen Betrieb an das Zisterzienserstift Schlierbach, wo er sich noch heute befindet.<\/p>\n<p>&nbsp;<\/p>\n","protected":false},"excerpt":{"rendered":"<p>ISBN 978-3903040-29-8<\/p>\n<p>224 S.<\/p>\n<p>Best.Nr. 1803<\/p>\n","protected":false},"featured_media":4589,"comment_status":"closed","ping_status":"closed","template":"","meta":{"pgc_meta":"","kia_subtitle":"Ein K\u00fcnstler zwischen Historismus und Moderne"},"product_cat":[126,333],"product_tag":[338],"acf":[],"_links":{"self":[{"href":"https:\/\/www.wagnerverlag.at\/content\/index.php?rest_route=\/wp\/v2\/product\/4576"}],"collection":[{"href":"https:\/\/www.wagnerverlag.at\/content\/index.php?rest_route=\/wp\/v2\/product"}],"about":[{"href":"https:\/\/www.wagnerverlag.at\/content\/index.php?rest_route=\/wp\/v2\/types\/product"}],"replies":[{"embeddable":true,"href":"https:\/\/www.wagnerverlag.at\/content\/index.php?rest_route=%2Fwp%2Fv2%2Fcomments&post=4576"}],"wp:featuredmedia":[{"embeddable":true,"href":"https:\/\/www.wagnerverlag.at\/content\/index.php?rest_route=\/wp\/v2\/media\/4589"}],"wp:attachment":[{"href":"https:\/\/www.wagnerverlag.at\/content\/index.php?rest_route=%2Fwp%2Fv2%2Fmedia&parent=4576"}],"wp:term":[{"taxonomy":"product_cat","embeddable":true,"href":"https:\/\/www.wagnerverlag.at\/content\/index.php?rest_route=%2Fwp%2Fv2%2Fproduct_cat&post=4576"},{"taxonomy":"product_tag","embeddable":true,"href":"https:\/\/www.wagnerverlag.at\/content\/index.php?rest_route=%2Fwp%2Fv2%2Fproduct_tag&post=4576"}],"curies":[{"name":"wp","href":"https:\/\/api.w.org\/{rel}","templated":true}]}}