{"id":4430,"date":"2017-10-23T08:06:28","date_gmt":"2017-10-23T07:06:28","guid":{"rendered":"http:\/\/www.wagnerverlag.at\/content\/?post_type=product&#038;p=4430"},"modified":"2018-07-25T11:11:45","modified_gmt":"2018-07-25T10:11:45","slug":"option-lebensvielfalt-125-jahre-engagement-fuer-menschen-am-rande","status":"publish","type":"product","link":"https:\/\/www.wagnerverlag.at\/content\/?product=option-lebensvielfalt-125-jahre-engagement-fuer-menschen-am-rande","title":{"rendered":"Option Lebensvielfalt. 125 Jahre Engagement f\u00fcr Menschen am Rande"},"content":{"rendered":"<p>Der Ober\u00f6sterreichisches Wohlt\u00e4tigkeitsverein (heute: &#8222;GSI &#8211; Gesellschaft f\u00fcr Soziale Initiativen&#8220;) wurde 1892 gegr\u00fcndet und feierte 2017 sein 125-j\u00e4hriges Bestehen. Das Buch blickt im ersten Teil auf die bewegte Geschichte des Schlosses Hartheim und seiner Einrichtungen zur\u00fcck. Dabei wird auch auf die T\u00f6tungsanstalt &#8222;Schoss Hartheim&#8220; im Rahmen der &#8222;Aktion T4&#8220; eingegangen. Im zweiten Teil werden die heute bestehenden Einrichtungen vorgestellt. Bewohner\/innen und Mitarbeiter\/innen erz\u00e4hlen von Ihren Erfahrungen und von Ihrem Engagement. Eine Reihe von Kunstwerken von Klient\/Inn\/en geben dem Buch einen \u00e4sthetisch-eleganten Rahmen.<\/p>\n","protected":false},"excerpt":{"rendered":"<p>ISBN 978-3-903040-25-0<\/p>\n<p>198 Seiten<\/p>\n<p>Bestellnummer: 1706<\/p>\n","protected":false},"featured_media":4431,"comment_status":"closed","ping_status":"closed","template":"","meta":{"pgc_meta":"","kia_subtitle":""},"product_cat":[117],"product_tag":[335],"acf":[],"_links":{"self":[{"href":"https:\/\/www.wagnerverlag.at\/content\/index.php?rest_route=\/wp\/v2\/product\/4430"}],"collection":[{"href":"https:\/\/www.wagnerverlag.at\/content\/index.php?rest_route=\/wp\/v2\/product"}],"about":[{"href":"https:\/\/www.wagnerverlag.at\/content\/index.php?rest_route=\/wp\/v2\/types\/product"}],"replies":[{"embeddable":true,"href":"https:\/\/www.wagnerverlag.at\/content\/index.php?rest_route=%2Fwp%2Fv2%2Fcomments&post=4430"}],"wp:featuredmedia":[{"embeddable":true,"href":"https:\/\/www.wagnerverlag.at\/content\/index.php?rest_route=\/wp\/v2\/media\/4431"}],"wp:attachment":[{"href":"https:\/\/www.wagnerverlag.at\/content\/index.php?rest_route=%2Fwp%2Fv2%2Fmedia&parent=4430"}],"wp:term":[{"taxonomy":"product_cat","embeddable":true,"href":"https:\/\/www.wagnerverlag.at\/content\/index.php?rest_route=%2Fwp%2Fv2%2Fproduct_cat&post=4430"},{"taxonomy":"product_tag","embeddable":true,"href":"https:\/\/www.wagnerverlag.at\/content\/index.php?rest_route=%2Fwp%2Fv2%2Fproduct_tag&post=4430"}],"curies":[{"name":"wp","href":"https:\/\/api.w.org\/{rel}","templated":true}]}}