{"id":4364,"date":"2017-06-28T10:25:28","date_gmt":"2017-06-28T09:25:28","guid":{"rendered":"http:\/\/www.wagnerverlag.at\/content\/?post_type=product&#038;p=4364"},"modified":"2017-07-10T10:46:52","modified_gmt":"2017-07-10T09:46:52","slug":"dr-johann-gruber-christ-und-maertyrer","status":"publish","type":"product","link":"https:\/\/www.wagnerverlag.at\/content\/?product=dr-johann-gruber-christ-und-maertyrer","title":{"rendered":"Dr. Johann Gruber &#8211; Christ und M\u00e4rtyrer"},"content":{"rendered":"<p style=\"text-align: justify;\">Dr. Johann Gruber, keine leichte Kost f\u00fcr Vorgesetzte, Kollegen, Zeitgenossen und f\u00fcr uns, die sich mit ihm 65 Jahre nach seinem Tod auseinandersetzen. Die Quellen zeigen uns eine \u00e4u\u00dferst starke Pers\u00f6nlichkeit, die von<br \/>\nDurchsetzungsverm\u00f6gen, Organisationstalent, Konfliktfreudigkeit, Intelligenz, F\u00fcrsorge und dem Einsatz f\u00fcr die Schwachen gekennzeichnet ist.<br \/>\nIn einer Gesellschaft, die zu einer \u201eKultur der Verharmlosung\u201c im Umgang mit der nationalsozialistischen Geschichte tendiert, braucht es eine \u201eKultur der Erinnerung\u201c. Hierbei geht es nicht um Besserwisserei, sondern um ein Nachfragen und genaues Hinschauen, das schlie\u00dflich dazu f\u00fchren soll, das Unrecht und die Unmenschlichkeit bewusster zu machen und den \u201eMechanismen\u201c nachzusp\u00fcren, die aus Menschen T\u00e4ter, Dulder und Opfer werden lassen. An einem Befehl Heinrich Himmlers im Zusammenhang mit den Akteuren des 20. Juli wird das unmenschliche Kalk\u00fcl der geplanten endg\u00fcltigen (!) Vernichtung von politischen, rassischen und ideologischen \u201eFeinden\u201c sichtbar; die Leichen mussten verbrannt und die Asche auf die Felder verstreut werden. Es sollte von diesen Leuten nicht mehr die geringste Erinnerungen an irgendeinem Grabe oder an einer sonstigen St\u00e4tte geben. Die Verbannung aus der Erinnerung sollte die Opfer mit letzter Verachtung treffen: Keine Ver\u00f6ffentlichung der Ermordung bzw. Hinrichtung, kein Grab, keine Form des Gedenkens wie auch immer. Konkrete Namen, die ja bereits in den Konzentrationslagern durch blo\u00dfe Nummern ersetzt worden waren, sollten endg\u00fcltig getilgt werden.<br \/>\nGanz bewusst soll daher in dieser Brosch\u00fcre statt einer Nummer ein ganz bestimmter Name, statt einem Aktenvermerk eine Lebensgeschichte, statt dem Erniedrigen und Ausl\u00f6schen ein Aufheben und Erinnern und statt dem vorl\u00e4ufigen Triumph des B\u00f6sen der Sieg der Menschlichkeit an- bzw. ausgef\u00fchrt werden.<br \/>\n(Dr. Thomas Schlager-Weidinger)<\/p>\n","protected":false},"excerpt":{"rendered":"<p>ISBN 978-3-9501682-5-9<\/p>\n<p>54 Seiten<\/p>\n<p>Bestellnummer: 1102a<\/p>\n","protected":false},"featured_media":4368,"comment_status":"closed","ping_status":"closed","template":"","meta":{"pgc_meta":"","kia_subtitle":"Thomas Schlager-Weidinger (Hg.)"},"product_cat":[111],"product_tag":[178],"acf":[],"_links":{"self":[{"href":"https:\/\/www.wagnerverlag.at\/content\/index.php?rest_route=\/wp\/v2\/product\/4364"}],"collection":[{"href":"https:\/\/www.wagnerverlag.at\/content\/index.php?rest_route=\/wp\/v2\/product"}],"about":[{"href":"https:\/\/www.wagnerverlag.at\/content\/index.php?rest_route=\/wp\/v2\/types\/product"}],"replies":[{"embeddable":true,"href":"https:\/\/www.wagnerverlag.at\/content\/index.php?rest_route=%2Fwp%2Fv2%2Fcomments&post=4364"}],"wp:featuredmedia":[{"embeddable":true,"href":"https:\/\/www.wagnerverlag.at\/content\/index.php?rest_route=\/wp\/v2\/media\/4368"}],"wp:attachment":[{"href":"https:\/\/www.wagnerverlag.at\/content\/index.php?rest_route=%2Fwp%2Fv2%2Fmedia&parent=4364"}],"wp:term":[{"taxonomy":"product_cat","embeddable":true,"href":"https:\/\/www.wagnerverlag.at\/content\/index.php?rest_route=%2Fwp%2Fv2%2Fproduct_cat&post=4364"},{"taxonomy":"product_tag","embeddable":true,"href":"https:\/\/www.wagnerverlag.at\/content\/index.php?rest_route=%2Fwp%2Fv2%2Fproduct_tag&post=4364"}],"curies":[{"name":"wp","href":"https:\/\/api.w.org\/{rel}","templated":true}]}}