{"id":4353,"date":"2017-06-07T09:29:38","date_gmt":"2017-06-07T08:29:38","guid":{"rendered":"http:\/\/www.wagnerverlag.at\/content\/?post_type=product&#038;p=4353"},"modified":"2017-07-10T09:04:54","modified_gmt":"2017-07-10T08:04:54","slug":"not-aus","status":"publish","type":"product","link":"https:\/\/www.wagnerverlag.at\/content\/?product=not-aus","title":{"rendered":"Not Aus"},"content":{"rendered":"<p>&#8222;Die Minuten zogen sich wie Stunden hin, eine der beiden Anlagen spielte f\u00f6rmlich verr\u00fcckt. David sah hilflos auf die lange Schaltwarte, an der alle Anzeigen auf Alarm standen, irgendwie bereits an das schrille, unabl\u00e4ssige Auf und Ab der Alarmt\u00f6ne gew\u00f6hnt.<br \/>\nEr fixierte gebannt die beiden roten Pilzkn\u00f6pfe. Das NOT-AUS, mit denen die Anlagen abgeschaltet werden w\u00fcrden. Doch damit war nichts gewonnen, er sah sich au\u00dferstande, die folgenden Schritte durchzuf\u00fchren. Ein erfahrener Anlagenf\u00fchrer wie Alois w\u00e4re damit zu Rande gekommen, er war damit heillos \u00fcberfordert.&#8220;<\/p>\n","protected":false},"excerpt":{"rendered":"<p>118 Seiten<\/p>\n<p>Bestellnummer: F0001<\/p>\n<p>Im Eigenverlag erschienen; Vertrieb durch Wagner Verlag.<\/p>\n","protected":false},"featured_media":4354,"comment_status":"closed","ping_status":"closed","template":"","meta":{"pgc_meta":"","kia_subtitle":"Herbert Kaar"},"product_cat":[331],"product_tag":[163],"acf":[],"_links":{"self":[{"href":"https:\/\/www.wagnerverlag.at\/content\/index.php?rest_route=\/wp\/v2\/product\/4353"}],"collection":[{"href":"https:\/\/www.wagnerverlag.at\/content\/index.php?rest_route=\/wp\/v2\/product"}],"about":[{"href":"https:\/\/www.wagnerverlag.at\/content\/index.php?rest_route=\/wp\/v2\/types\/product"}],"replies":[{"embeddable":true,"href":"https:\/\/www.wagnerverlag.at\/content\/index.php?rest_route=%2Fwp%2Fv2%2Fcomments&post=4353"}],"wp:featuredmedia":[{"embeddable":true,"href":"https:\/\/www.wagnerverlag.at\/content\/index.php?rest_route=\/wp\/v2\/media\/4354"}],"wp:attachment":[{"href":"https:\/\/www.wagnerverlag.at\/content\/index.php?rest_route=%2Fwp%2Fv2%2Fmedia&parent=4353"}],"wp:term":[{"taxonomy":"product_cat","embeddable":true,"href":"https:\/\/www.wagnerverlag.at\/content\/index.php?rest_route=%2Fwp%2Fv2%2Fproduct_cat&post=4353"},{"taxonomy":"product_tag","embeddable":true,"href":"https:\/\/www.wagnerverlag.at\/content\/index.php?rest_route=%2Fwp%2Fv2%2Fproduct_tag&post=4353"}],"curies":[{"name":"wp","href":"https:\/\/api.w.org\/{rel}","templated":true}]}}