{"id":4232,"date":"2016-11-21T09:32:51","date_gmt":"2016-11-21T08:32:51","guid":{"rendered":"http:\/\/www.wagnerverlag.at\/content\/?post_type=product&#038;p=4232"},"modified":"2017-07-10T09:05:16","modified_gmt":"2017-07-10T08:05:16","slug":"advocatus-fidelis-post-mortem-joannis-georgij-praepositi-ad-s-florianum","status":"publish","type":"product","link":"https:\/\/www.wagnerverlag.at\/content\/?product=advocatus-fidelis-post-mortem-joannis-georgij-praepositi-ad-s-florianum","title":{"rendered":"Advocatus Fidelis post Mortem Joannis Georgij Praepositi ad S. Florianum"},"content":{"rendered":"<p>Johann Georg Wiesmayr war von 1732-1755 Pr\u00e4lat des Stiftes St. Florian. In dieser Zeit verfasste er \u00fcber 100 B\u00e4nde, die sich mit dem Klosterleben und der Wirtschaftsf\u00fchrung des Stiftes befassen.<br \/>\nIm \u201eAdvocatus Fidelis\u201c legt Wiesmayr \u00fcber seine Zeit als Probst des Stiftes Rechenschaft ab. Eine wichtige Quelle zur Kirchen- und Landesgeschichte Ober\u00f6sterreichs.<\/p>\n","protected":false},"excerpt":{"rendered":"<p>ISBN 978-3-903040-14-4<\/p>\n<p>151 Seiten<\/p>\n<p>Bestellnummer: 1603<\/p>\n","protected":false},"featured_media":4220,"comment_status":"closed","ping_status":"closed","template":"","meta":{"pgc_meta":"","kia_subtitle":"Karl Rehberger, Christiane Wunschheim (Hg.)"},"product_cat":[126],"product_tag":[176,177],"acf":[],"_links":{"self":[{"href":"https:\/\/www.wagnerverlag.at\/content\/index.php?rest_route=\/wp\/v2\/product\/4232"}],"collection":[{"href":"https:\/\/www.wagnerverlag.at\/content\/index.php?rest_route=\/wp\/v2\/product"}],"about":[{"href":"https:\/\/www.wagnerverlag.at\/content\/index.php?rest_route=\/wp\/v2\/types\/product"}],"replies":[{"embeddable":true,"href":"https:\/\/www.wagnerverlag.at\/content\/index.php?rest_route=%2Fwp%2Fv2%2Fcomments&post=4232"}],"wp:featuredmedia":[{"embeddable":true,"href":"https:\/\/www.wagnerverlag.at\/content\/index.php?rest_route=\/wp\/v2\/media\/4220"}],"wp:attachment":[{"href":"https:\/\/www.wagnerverlag.at\/content\/index.php?rest_route=%2Fwp%2Fv2%2Fmedia&parent=4232"}],"wp:term":[{"taxonomy":"product_cat","embeddable":true,"href":"https:\/\/www.wagnerverlag.at\/content\/index.php?rest_route=%2Fwp%2Fv2%2Fproduct_cat&post=4232"},{"taxonomy":"product_tag","embeddable":true,"href":"https:\/\/www.wagnerverlag.at\/content\/index.php?rest_route=%2Fwp%2Fv2%2Fproduct_tag&post=4232"}],"curies":[{"name":"wp","href":"https:\/\/api.w.org\/{rel}","templated":true}]}}