{"id":4228,"date":"2016-11-21T09:17:15","date_gmt":"2016-11-21T08:17:15","guid":{"rendered":"http:\/\/www.wagnerverlag.at\/content\/?post_type=product&#038;p=4228"},"modified":"2017-07-07T10:20:20","modified_gmt":"2017-07-07T09:20:20","slug":"wahrnehmen-verweilen-begegnen-gedichte-und-bilder","status":"publish","type":"product","link":"https:\/\/www.wagnerverlag.at\/content\/?product=wahrnehmen-verweilen-begegnen-gedichte-und-bilder","title":{"rendered":"wahrnehmen &#8211; verweilen &#8211; begegnen. Gedichte und Bilder"},"content":{"rendered":"<p style=\"text-align: justify;\">Laut, grell, hektisch \u2013 so empfinden viele von uns das t\u00e4gliche Leben. Unter dieser unruhigen Oberfl\u00e4che (und Oberfl\u00e4chlichkeit), die den Blick ins Weite, in die Tiefe, auf das Wesentliche verstellt, verbirgt sich aber oft ein Wunsch nach kleinen Zeitr\u00e4umen, in denen das aufmerksame Wahrnehmen, das ruhige Verweilen, die inspirierende Begegnung ihren Platz finden k\u00f6nnen.<br \/>\nDieses Buch enth\u00e4lt Texte, die in einem l\u00e4ngeren Zeitraum entstanden und entsprechend unterschiedlich sind, im Inhalt ebenso wie in der sprachlichen Ausdrucksform. Allen Texten gleich ist aber das Hinh\u00f6ren und Hinschauen auf die bleibenden Themen des Lebens: Die Suche nach dem je eigenen Weg, nach Gott, Sinn, Freundschaft und Liebe; das Fasziniertsein vom Wunder des Lebens und der Sch\u00f6nheit der Natur finden darin genauso ihren Raum wie manche Gedanken \u00fcber Begrenztheit, Zerbrechlichkeit und scheinbare Ungerechtigkeiten. Die Fragen werden zwar nicht weniger, sie stellen sich jedoch unaufdringlicher und vers\u00f6hnter.<\/p>\n","protected":false},"excerpt":{"rendered":"<p>ISBN 978-3-903040-16-8<\/p>\n<p>105 Seiten<\/p>\n<p><span style=\"color: #ff0000;\"><a style=\"color: #ff0000;\" href=\"https:\/\/www.wagnerverlag.at\/content\/wp-content\/uploads\/2016\/12\/Beispielseite-1-wahrnehmen-verweilen-begegnen.pdf\">Beispielseite<\/a><\/span><\/p>\n<p>Bestellnummer: 1605<\/p>\n","protected":false},"featured_media":4221,"comment_status":"closed","ping_status":"closed","template":"","meta":{"pgc_meta":"","kia_subtitle":"Franz Schmidsberger, Andrea Edler-Mihlan, Robert Mihlan"},"product_cat":[331],"product_tag":[313,314,312],"acf":[],"_links":{"self":[{"href":"https:\/\/www.wagnerverlag.at\/content\/index.php?rest_route=\/wp\/v2\/product\/4228"}],"collection":[{"href":"https:\/\/www.wagnerverlag.at\/content\/index.php?rest_route=\/wp\/v2\/product"}],"about":[{"href":"https:\/\/www.wagnerverlag.at\/content\/index.php?rest_route=\/wp\/v2\/types\/product"}],"replies":[{"embeddable":true,"href":"https:\/\/www.wagnerverlag.at\/content\/index.php?rest_route=%2Fwp%2Fv2%2Fcomments&post=4228"}],"wp:featuredmedia":[{"embeddable":true,"href":"https:\/\/www.wagnerverlag.at\/content\/index.php?rest_route=\/wp\/v2\/media\/4221"}],"wp:attachment":[{"href":"https:\/\/www.wagnerverlag.at\/content\/index.php?rest_route=%2Fwp%2Fv2%2Fmedia&parent=4228"}],"wp:term":[{"taxonomy":"product_cat","embeddable":true,"href":"https:\/\/www.wagnerverlag.at\/content\/index.php?rest_route=%2Fwp%2Fv2%2Fproduct_cat&post=4228"},{"taxonomy":"product_tag","embeddable":true,"href":"https:\/\/www.wagnerverlag.at\/content\/index.php?rest_route=%2Fwp%2Fv2%2Fproduct_tag&post=4228"}],"curies":[{"name":"wp","href":"https:\/\/api.w.org\/{rel}","templated":true}]}}