{"id":4205,"date":"2016-10-12T10:24:04","date_gmt":"2016-10-12T09:24:04","guid":{"rendered":"http:\/\/www.wagnerverlag.at\/content\/?post_type=product&#038;p=4205"},"modified":"2017-07-07T10:27:15","modified_gmt":"2017-07-07T09:27:15","slug":"matthias-pernsteiner-1795-1851-messa-posta-in-musica","status":"publish","type":"product","link":"https:\/\/www.wagnerverlag.at\/content\/?product=matthias-pernsteiner-1795-1851-messa-posta-in-musica","title":{"rendered":"Matthias Pernsteiner (1795-1851). Messa posta in musica"},"content":{"rendered":"<p style=\"text-align: justify;\">Der Komponist Matthias Pernsteiner wirkte in den Jahren 1822\u201323 als Stiftsorganist in Wilhering in Ober\u00f6sterreich, sp\u00e4ter ging er nach Salzburg und Tirol. Die sogenannte \u201eMessa posta in musica\u201c mit gro\u00dfer Besetzung (Chor, Vokal- und Instrumentalsoli, Streicher, Orgel sowie Blech- und Holzbl\u00e4ser), gewidmet dem damaligen Wilheringer Abt Bruno Detterle, wurde bisher weder ver\u00f6ffentlicht noch aufgef\u00fchrt. Vom musikalischen Aspekt aus betrachtet gilt sie als ein bedeutendes Zeugnis f\u00fcr die \u00f6sterreichische Kirchenmusikpflege in der Schubert-Zeit.<br \/>\nEinige Werke Pernsteiners wurden bereits zu Lebzeiten in \u00d6sterreich und Bayern gedruckt. Moderne Noteneditionen lie\u00dfen bisher auf sich warten. Mit dieser Ausgabe m\u00f6ge ein erster Schritt zur Wiederentdeckung dieses bemerkenswerten Komponisten der Biedermeierzeit vollzogen werden.<\/p>\n<p>The composer Matthias Pernsteiner worked as titular organist in Wilhering Abbey in Upper Austria from 1822 until 1823. Later on he went to Salzburg and Tyrol. The so-called \u201eMessa posta in musica\u201c features a large instrumentation, with choir, vocal and instrumental soli, strings, brass, woodwinds and organ. It is dedicated to the Wilhering Abbot Bruno Detterle. So far it has neither been published nor performed. From a musical point of view, it is a remarkable document concerning the Austrian church music practice within the Schubert-Era.<br \/>\nSeveral works by Matthias Pernsteiner were printed in Austria and Bavaria during the composer\u2019s lifetime. However, modern editions have not been published as yet. This work can be considered as a first step towards a rediscovery of this outstanding composer of the Biedermeier period.<\/p>\n","protected":false},"excerpt":{"rendered":"<p>WV GMW 001<br \/>\nISMN 979-0-000-00190-9<br \/>\nISBN 978-3-903040-13-7<\/p>\n<p>148 Seiten<\/p>\n<p><span style=\"color: #ff0000;\"><a style=\"color: #ff0000;\" href=\"https:\/\/www.wagnerverlag.at\/content\/wp-content\/uploads\/2016\/12\/Beispielseite-1-Messa-posta-in-musica.pdf\">Beispielseite Einf\u00fchrung<\/a><\/span><\/p>\n<p><span style=\"color: #ff0000;\"><a style=\"color: #ff0000;\" href=\"https:\/\/www.wagnerverlag.at\/content\/wp-content\/uploads\/2016\/12\/Beispielseite-2-Messa-posta-in-musica.pdf\">Beispielseite Notenteil<\/a><\/span><\/p>\n<p>Bestellnummer: 1607<\/p>\n","protected":false},"featured_media":4239,"comment_status":"closed","ping_status":"closed","template":"","meta":{"pgc_meta":"","kia_subtitle":"Ikarus Kaiser (Hg.)"},"product_cat":[334],"product_tag":[310,311],"acf":[],"_links":{"self":[{"href":"https:\/\/www.wagnerverlag.at\/content\/index.php?rest_route=\/wp\/v2\/product\/4205"}],"collection":[{"href":"https:\/\/www.wagnerverlag.at\/content\/index.php?rest_route=\/wp\/v2\/product"}],"about":[{"href":"https:\/\/www.wagnerverlag.at\/content\/index.php?rest_route=\/wp\/v2\/types\/product"}],"replies":[{"embeddable":true,"href":"https:\/\/www.wagnerverlag.at\/content\/index.php?rest_route=%2Fwp%2Fv2%2Fcomments&post=4205"}],"wp:featuredmedia":[{"embeddable":true,"href":"https:\/\/www.wagnerverlag.at\/content\/index.php?rest_route=\/wp\/v2\/media\/4239"}],"wp:attachment":[{"href":"https:\/\/www.wagnerverlag.at\/content\/index.php?rest_route=%2Fwp%2Fv2%2Fmedia&parent=4205"}],"wp:term":[{"taxonomy":"product_cat","embeddable":true,"href":"https:\/\/www.wagnerverlag.at\/content\/index.php?rest_route=%2Fwp%2Fv2%2Fproduct_cat&post=4205"},{"taxonomy":"product_tag","embeddable":true,"href":"https:\/\/www.wagnerverlag.at\/content\/index.php?rest_route=%2Fwp%2Fv2%2Fproduct_tag&post=4205"}],"curies":[{"name":"wp","href":"https:\/\/api.w.org\/{rel}","templated":true}]}}