{"id":4128,"date":"2016-03-02T09:59:27","date_gmt":"2016-03-02T08:59:27","guid":{"rendered":"http:\/\/www.wagnerverlag.at\/content\/?post_type=product&#038;p=4128"},"modified":"2017-07-07T10:27:49","modified_gmt":"2017-07-07T09:27:49","slug":"zens-reisen","status":"publish","type":"product","link":"https:\/\/www.wagnerverlag.at\/content\/?product=zens-reisen","title":{"rendered":"Zens &#8222;Reisen&#8220;"},"content":{"rendered":"<p style=\"text-align: justify;\"><span class=\"readonlyText multiple\">Herwig Zens ist eigentlich immer unterwegs. Wenn er nicht unterwegs ist, kommt er gerade von irgendwo her und f\u00e4hrt bald irgendwo hin. Wer jemals dabei war, wird best\u00e4tigen: anstrengend, aber anregend. Aber auch wer nicht mitreist, wird von ihm nicht vergessen. Zens ist ein unerm\u00fcdlicher Ansichtskartenschreiber und Reise-Mitbringsel-Mitbringer. Unterwegs zeichnet er in kleine und gr\u00f6\u00dfere Skizzenbl\u00f6cke, aquarelliert und fotografiert. Zur\u00fcck im Atelier wird dann radiert und gemalt.<br \/>\nEr war auch schon \u00fcberall, nennt man ihm einen Ort, erh\u00e4lt man ein Dutzend Tipps und ein halbes Dutzend Kontaktadressen und das auf einem handgezeichneten Plan dargestellt. Anl\u00e4sse zu reisen findet er immer: Exkursionen und deren Vorbereitung, Ausstellungen, welche besprochen, er\u00f6ffnet oder beliefert werden m\u00fcssen. Aber es reicht auch ein interessantes Museum, ein Totentanz in einer Kirche oder einzelnes (Goya-)Bild, um Anlass f\u00fcr eine weitere Reise zu bieten. Urlaub im klassischen Sinn macht er selten, in der Bretagne, in Kals am Gro\u00dfglockner. Waren es in den 60er bis 80er Jahren vorwiegend Reisen nach Frankreich, Italien und rund ums Mittelmeer, so zog er sp\u00e4ter immer weitere Kreise. Nur der Berg Athos als spiritueller Ruhepol war immer ein Fixpunkt und in den letzten Jahren Spanien, die Heimat Goyas und des Stierkampfs.<br \/>\nDoch auch, wenn er zwischendurch in Wien im Atelier ist, geht die Reise im Kopf weiter \u2013 in die antike Mythologie, auf den Spuren von Odysseus und der griechischen G\u00f6tter, in die Literatur und in die Bildwelten seiner K\u00fcnstlerkollegen, welche dann paraphrasiert werden. Und was passiert mit all dem, was Herwig Zens unterwegs in sich aufsaugt? Es flie\u00dft als Tusche durch die Feder, in Farbe als Aquarell aufs Papier und als Kohle- oder Pinselstrich auf die Leinwand. Es wird in Kupferplatten ge\u00e4tzt und als Radierung gedruckt. Einiges davon ist in diesem Buch versammelt.<br \/>\nSo nimmt er uns mit in seine Welt und l\u00e4sst uns durch seine Augen sehen.<\/span><\/p>\n","protected":false},"excerpt":{"rendered":"<p>ISBN:\u00a0 978-3-903040-11-3<\/p>\n<p>104 Seiten, zahlreiche farbige Abbildungen<\/p>\n<p>Bestellnummer: 1601<\/p>\n","protected":false},"featured_media":4129,"comment_status":"closed","ping_status":"closed","template":"","meta":{"pgc_meta":"","kia_subtitle":"Johannes Scheer (Hg.)"},"product_cat":[333],"product_tag":[304],"acf":[],"_links":{"self":[{"href":"https:\/\/www.wagnerverlag.at\/content\/index.php?rest_route=\/wp\/v2\/product\/4128"}],"collection":[{"href":"https:\/\/www.wagnerverlag.at\/content\/index.php?rest_route=\/wp\/v2\/product"}],"about":[{"href":"https:\/\/www.wagnerverlag.at\/content\/index.php?rest_route=\/wp\/v2\/types\/product"}],"replies":[{"embeddable":true,"href":"https:\/\/www.wagnerverlag.at\/content\/index.php?rest_route=%2Fwp%2Fv2%2Fcomments&post=4128"}],"wp:featuredmedia":[{"embeddable":true,"href":"https:\/\/www.wagnerverlag.at\/content\/index.php?rest_route=\/wp\/v2\/media\/4129"}],"wp:attachment":[{"href":"https:\/\/www.wagnerverlag.at\/content\/index.php?rest_route=%2Fwp%2Fv2%2Fmedia&parent=4128"}],"wp:term":[{"taxonomy":"product_cat","embeddable":true,"href":"https:\/\/www.wagnerverlag.at\/content\/index.php?rest_route=%2Fwp%2Fv2%2Fproduct_cat&post=4128"},{"taxonomy":"product_tag","embeddable":true,"href":"https:\/\/www.wagnerverlag.at\/content\/index.php?rest_route=%2Fwp%2Fv2%2Fproduct_tag&post=4128"}],"curies":[{"name":"wp","href":"https:\/\/api.w.org\/{rel}","templated":true}]}}