{"id":3136,"date":"2015-09-23T17:36:49","date_gmt":"2015-09-23T16:36:49","guid":{"rendered":"http:\/\/www.wagnerverlag.at\/content\/?post_type=product&#038;p=3136"},"modified":"2016-10-12T10:54:23","modified_gmt":"2016-10-12T09:54:23","slug":"von-kremsmuenster-nach-brasilien","status":"publish","type":"product","link":"https:\/\/www.wagnerverlag.at\/content\/?product=von-kremsmuenster-nach-brasilien","title":{"rendered":"Von Kremsm\u00fcnster nach Brasilien. Lebensbild Bischof Richard Weberberger OSB"},"content":{"rendered":"<p style=\"text-align: justify;\">DDr. Richard Weberberger, Benediktiner aus dem ober\u00f6sterreichischen Stift Kremsm\u00fcnster, brach 1974 in den Nordosten Brasiliens auf \u2013 in ein Missionsprojekt, das zu scheitern drohte. F\u00fcnf Jahre sp\u00e4ter wurde er im Alter von 39 Jahren zum Bischof der riesigen neu gegr\u00fcndeten Di\u00f6zese Barreiras geweiht, die er dann drei Jahrzehnte leiten sollte. In Landkonflikten ergriff Bischof Richard zugunsten der Kleinbauern Partei und baute, zusammen mit Ordensleuten und Laien-MitarbeiterInnen, eine Kirche der Armen \u2013 statt f\u00fcr die Armen \u2013 auf, ganz im Sinn der Theologie der Befreiung. Richard Weberberger verstarb 2010 im 71. Lebensjahr nach kurzer schwerer Krankheit in Linz. Dieses Buch zeichnet sein bewegtes Leben nach, sein pers\u00f6nliches und spirituelles Wachstum und die vielf\u00e4ltigen sozialen und pastoralen Projekte vor Ort.<\/p>\n","protected":false},"excerpt":{"rendered":"<p>ISBN: 978-3-903040-07-6<\/p>\n<p>198 Seiten, Illustrationen<\/p>\n<p>Bestellnummer: 1506<\/p>\n","protected":false},"featured_media":3982,"comment_status":"closed","ping_status":"closed","template":"","meta":{"pgc_meta":"","kia_subtitle":"Maria Prieler-Woldan"},"product_cat":[107],"product_tag":[110],"acf":[],"_links":{"self":[{"href":"https:\/\/www.wagnerverlag.at\/content\/index.php?rest_route=\/wp\/v2\/product\/3136"}],"collection":[{"href":"https:\/\/www.wagnerverlag.at\/content\/index.php?rest_route=\/wp\/v2\/product"}],"about":[{"href":"https:\/\/www.wagnerverlag.at\/content\/index.php?rest_route=\/wp\/v2\/types\/product"}],"replies":[{"embeddable":true,"href":"https:\/\/www.wagnerverlag.at\/content\/index.php?rest_route=%2Fwp%2Fv2%2Fcomments&post=3136"}],"wp:featuredmedia":[{"embeddable":true,"href":"https:\/\/www.wagnerverlag.at\/content\/index.php?rest_route=\/wp\/v2\/media\/3982"}],"wp:attachment":[{"href":"https:\/\/www.wagnerverlag.at\/content\/index.php?rest_route=%2Fwp%2Fv2%2Fmedia&parent=3136"}],"wp:term":[{"taxonomy":"product_cat","embeddable":true,"href":"https:\/\/www.wagnerverlag.at\/content\/index.php?rest_route=%2Fwp%2Fv2%2Fproduct_cat&post=3136"},{"taxonomy":"product_tag","embeddable":true,"href":"https:\/\/www.wagnerverlag.at\/content\/index.php?rest_route=%2Fwp%2Fv2%2Fproduct_tag&post=3136"}],"curies":[{"name":"wp","href":"https:\/\/api.w.org\/{rel}","templated":true}]}}