{"id":3135,"date":"2015-09-23T17:35:25","date_gmt":"2015-09-23T16:35:25","guid":{"rendered":"http:\/\/www.wagnerverlag.at\/content\/?post_type=product&#038;p=3135"},"modified":"2017-07-10T08:24:23","modified_gmt":"2017-07-10T07:24:23","slug":"ein-guter-ort-fuer-gottes-wort","status":"publish","type":"product","link":"https:\/\/www.wagnerverlag.at\/content\/?product=ein-guter-ort-fuer-gottes-wort","title":{"rendered":"Ein guter Ort f\u00fcr Gottes Wort. Ein Begleiter durch die Pfarrkirche Ternberg"},"content":{"rendered":"<p style=\"text-align: justify;\">Ternberg, ein kleiner Ort im ober\u00f6sterreichischen Ennstal, hat 2008\/2009 seine Pfarrkirche nicht blo\u00df renoviert, sondern grundlegend neu gestaltet. Dazu waren umfassende liturgische Erneuerungen und eine mutige k\u00fcnstlerische Gestaltung notwendig. Der vorliegende Begleiter durch die Pfarrkirche Ternberg betritt ebenfalls Neuland. In einer v\u00f6llig neuen Darstellung f\u00fchrt er durch den Raum und verbindet liturgische Abl\u00e4ufe mit Erfahrungen gemeindlichen Lebens. Das erm\u00f6glicht auch Besucherinnen und Besuchern, einen lebendigen Einblick in das Selbstverst\u00e4ndis der Pfarre zu bekommen. Hochwertige Fotografie und leicht verst\u00e4ndliche Texte werden erg\u00e4nzt durch fachliche Beitr\u00e4ge, die allen Interessierten zur Vertiefung dienen.<\/p>\n","protected":false},"excerpt":{"rendered":"<p>ISBN: 978-3-903040-05-2<\/p>\n<p>88 Seiten, zahlreiche Illustrationen<\/p>\n<p>Bestellnummer: 1505<\/p>\n","protected":false},"featured_media":3983,"comment_status":"closed","ping_status":"closed","template":"","meta":{"pgc_meta":"","kia_subtitle":"Pfarrgemeinde Ternberg (Hg.)"},"product_cat":[117],"product_tag":[161],"acf":[],"_links":{"self":[{"href":"https:\/\/www.wagnerverlag.at\/content\/index.php?rest_route=\/wp\/v2\/product\/3135"}],"collection":[{"href":"https:\/\/www.wagnerverlag.at\/content\/index.php?rest_route=\/wp\/v2\/product"}],"about":[{"href":"https:\/\/www.wagnerverlag.at\/content\/index.php?rest_route=\/wp\/v2\/types\/product"}],"replies":[{"embeddable":true,"href":"https:\/\/www.wagnerverlag.at\/content\/index.php?rest_route=%2Fwp%2Fv2%2Fcomments&post=3135"}],"wp:featuredmedia":[{"embeddable":true,"href":"https:\/\/www.wagnerverlag.at\/content\/index.php?rest_route=\/wp\/v2\/media\/3983"}],"wp:attachment":[{"href":"https:\/\/www.wagnerverlag.at\/content\/index.php?rest_route=%2Fwp%2Fv2%2Fmedia&parent=3135"}],"wp:term":[{"taxonomy":"product_cat","embeddable":true,"href":"https:\/\/www.wagnerverlag.at\/content\/index.php?rest_route=%2Fwp%2Fv2%2Fproduct_cat&post=3135"},{"taxonomy":"product_tag","embeddable":true,"href":"https:\/\/www.wagnerverlag.at\/content\/index.php?rest_route=%2Fwp%2Fv2%2Fproduct_tag&post=3135"}],"curies":[{"name":"wp","href":"https:\/\/api.w.org\/{rel}","templated":true}]}}