{"id":3134,"date":"2015-09-23T17:33:37","date_gmt":"2015-09-23T16:33:37","guid":{"rendered":"http:\/\/www.wagnerverlag.at\/content\/?post_type=product&#038;p=3134"},"modified":"2016-07-04T09:30:58","modified_gmt":"2016-07-04T08:30:58","slug":"blutzeugen-des-glaubens","status":"publish","type":"product","link":"https:\/\/www.wagnerverlag.at\/content\/?product=blutzeugen-des-glaubens","title":{"rendered":"Blutzeugen des Glaubens. Martyrologium des 20. Jahrhunderts. Bd. 2. Di\u00f6zesen: Graz-Seckau, Linz"},"content":{"rendered":"<p style=\"text-align: justify;\">Was verstehen wir heute unter Martyrium? In erster Linie wohl das Erleiden und Erdulden von ungerechter Gewalt um des Glaubens oder um der Gerechtigkeit und Menschlichkeit willen. Das altkirchliche Verst\u00e4ndnis ist weiter gefasst. Auch hier geht es um Verfolgung, um Erleiden von Gewalt \u2013 aber der Hauptakzent ist ein anderer: Der M\u00e4rtyrer ist Mitstreiter in dem gewaltigen Kampf, der sich zwischen den M\u00e4chten und Gewalten dieser Welt und Jesus Christus selbst abspielt. In diesem Kampf geht es um nichts Geringeres als um den endg\u00fcltigen Sieg des Herrn der Herren, des K\u00f6nigs der K\u00f6nige (Offb 17,14). Siegt der M\u00e4rtyrer, so siegt Christus in ihm, weil auch in seinem Leiden Christus selbst gelitten hat.<br \/>\nNoch eines machen die M\u00e4rtyrer klar: Die wahre Heimat des Christen ist der Himmel. Nur mit dieser Perspektive, mit dieser Hoffnung, ja Gewissheit ist es m\u00f6glich, die Freuden, die uns Gott in seinem Reich vorbereitet hat, allen G\u00fctern des Lebens auf dieser Erde vorzuziehen. Die M\u00e4rtyrer bezeugen durch die Hingabe ihres Lebens, dass Gewalt nicht das letzte Wort ist, dass das Reich Gottes nicht nur Vertr\u00f6stung auf das Jenseits, sondern mit Jesus Christus schon Gegenwart, schon mitten unter uns ist.<\/p>\n<p style=\"text-align: justify;\">Christoph Kardinal Sch\u00f6nborn<br \/>\nErzbischof von Wien<\/p>\n","protected":false},"excerpt":{"rendered":"<p>ISBN: 978-3-903040-06-9<\/p>\n<p>301 Seiten, Illustrationen<\/p>\n<p>Bestellnummer: 1504<\/p>\n","protected":false},"featured_media":3984,"comment_status":"closed","ping_status":"closed","template":"","meta":{"pgc_meta":"","kia_subtitle":"Jan Mikrut (Hg.)"},"product_cat":[111],"product_tag":[162],"acf":[],"_links":{"self":[{"href":"https:\/\/www.wagnerverlag.at\/content\/index.php?rest_route=\/wp\/v2\/product\/3134"}],"collection":[{"href":"https:\/\/www.wagnerverlag.at\/content\/index.php?rest_route=\/wp\/v2\/product"}],"about":[{"href":"https:\/\/www.wagnerverlag.at\/content\/index.php?rest_route=\/wp\/v2\/types\/product"}],"replies":[{"embeddable":true,"href":"https:\/\/www.wagnerverlag.at\/content\/index.php?rest_route=%2Fwp%2Fv2%2Fcomments&post=3134"}],"wp:featuredmedia":[{"embeddable":true,"href":"https:\/\/www.wagnerverlag.at\/content\/index.php?rest_route=\/wp\/v2\/media\/3984"}],"wp:attachment":[{"href":"https:\/\/www.wagnerverlag.at\/content\/index.php?rest_route=%2Fwp%2Fv2%2Fmedia&parent=3134"}],"wp:term":[{"taxonomy":"product_cat","embeddable":true,"href":"https:\/\/www.wagnerverlag.at\/content\/index.php?rest_route=%2Fwp%2Fv2%2Fproduct_cat&post=3134"},{"taxonomy":"product_tag","embeddable":true,"href":"https:\/\/www.wagnerverlag.at\/content\/index.php?rest_route=%2Fwp%2Fv2%2Fproduct_tag&post=3134"}],"curies":[{"name":"wp","href":"https:\/\/api.w.org\/{rel}","templated":true}]}}