{"id":3132,"date":"2015-09-23T17:30:21","date_gmt":"2015-09-23T16:30:21","guid":{"rendered":"http:\/\/www.wagnerverlag.at\/content\/?post_type=product&#038;p=3132"},"modified":"2017-07-10T09:05:57","modified_gmt":"2017-07-10T08:05:57","slug":"die-jesuiten-in-steyr","status":"publish","type":"product","link":"https:\/\/www.wagnerverlag.at\/content\/?product=die-jesuiten-in-steyr","title":{"rendered":"Die Jesuiten in Steyr. 150 Jahre geistliches Wirken an der Marienkirche"},"content":{"rendered":"<p style=\"text-align: justify;\">Die Jesuiten sind seit 1632 in Steyr aktiv; bis 1773 in der heutigen Vorstadtpfarre St. Michael, seit 1865 an der Marienkirche (ehemalige Dominikanerkirche). Nach 150 Jahren vielf\u00e4ltigen Wirkens an diesem Ort bietet sich mit dem Erscheinen des mit zum Teil unver\u00f6ffentlichten Bildaufnahmen reichhaltig gestalteten Festbandes Gelegenheit zur R\u00fcckschau auf nahezu vier Jahrhunderte. Kolleg \u2013 Missionshaus \u2013 Residenz \u2013 Statio: vier verschiedene Begriffe f\u00fcr die Niederlassung der Jesuiten in Steyr bedeuten die unterschiedlichen Voraussetzungen und aktuellen Gegebenheiten, mit denen die Ordenspatres in der Eisenstadt konfrontiert waren. Neben diesem unverzichtbaren Teil der Steyrer Stadtgeschichte wird hier sowohl ein Blick auf die m\u00f6gliche zuk\u00fcnftige Rolle der Marienkirche als auch auf das spirituelle und geistige Wirken der Jesuiten weltweit geworfen.<\/p>\n","protected":false},"excerpt":{"rendered":"<p>ISBN: 978-3-903040-04-5<\/p>\n<p>Bestellnummer: 1503<\/p>\n<p>134 Seiten, zahlreiche Illustrationen<\/p>\n","protected":false},"featured_media":3986,"comment_status":"closed","ping_status":"closed","template":"","meta":{"pgc_meta":"","kia_subtitle":"Wilhelm Remes. Hrsg. von der Marienkirche Steyr"},"product_cat":[126],"product_tag":[165,164],"acf":[],"_links":{"self":[{"href":"https:\/\/www.wagnerverlag.at\/content\/index.php?rest_route=\/wp\/v2\/product\/3132"}],"collection":[{"href":"https:\/\/www.wagnerverlag.at\/content\/index.php?rest_route=\/wp\/v2\/product"}],"about":[{"href":"https:\/\/www.wagnerverlag.at\/content\/index.php?rest_route=\/wp\/v2\/types\/product"}],"replies":[{"embeddable":true,"href":"https:\/\/www.wagnerverlag.at\/content\/index.php?rest_route=%2Fwp%2Fv2%2Fcomments&post=3132"}],"wp:featuredmedia":[{"embeddable":true,"href":"https:\/\/www.wagnerverlag.at\/content\/index.php?rest_route=\/wp\/v2\/media\/3986"}],"wp:attachment":[{"href":"https:\/\/www.wagnerverlag.at\/content\/index.php?rest_route=%2Fwp%2Fv2%2Fmedia&parent=3132"}],"wp:term":[{"taxonomy":"product_cat","embeddable":true,"href":"https:\/\/www.wagnerverlag.at\/content\/index.php?rest_route=%2Fwp%2Fv2%2Fproduct_cat&post=3132"},{"taxonomy":"product_tag","embeddable":true,"href":"https:\/\/www.wagnerverlag.at\/content\/index.php?rest_route=%2Fwp%2Fv2%2Fproduct_tag&post=3132"}],"curies":[{"name":"wp","href":"https:\/\/api.w.org\/{rel}","templated":true}]}}