{"id":3131,"date":"2015-09-23T17:27:27","date_gmt":"2015-09-23T16:27:27","guid":{"rendered":"http:\/\/www.wagnerverlag.at\/content\/?post_type=product&#038;p=3131"},"modified":"2016-07-04T09:32:41","modified_gmt":"2016-07-04T08:32:41","slug":"der-linzer-st-barbara-friedhof","status":"publish","type":"product","link":"https:\/\/www.wagnerverlag.at\/content\/?product=der-linzer-st-barbara-friedhof","title":{"rendered":"Der Linzer St. Barbara-Friedhof. 230 Jahre Kulturgeschichte einer Stadt"},"content":{"rendered":"<p style=\"text-align: justify;\">Der St.Barbara-Gottesacker in Linz ist seit hunderten von Jahren der Friedhof der Linzer. Auf seinem Weg zum heutigen Standort hat er eine lange Wanderschaft durchgemacht \u2013 von der Stadtpfarrkirche zum Taubenmarkt und zum Geviert zwischen Landstra\u00dfe und Seilerst\u00e4tte. Vor 230 Jahren wurde der St.Barbara-Friedhof weit vor die Stadt verlegt. Heute ist er eine gr\u00fcne Oase im Zentrum von Linz. Gleichgeblieben ist in den vergangenen Jahrhunderten der Charakter des Friedhofs: Er ist ein kirchlicher Friedhof, auch wenn er sich inzwischen f\u00fcr Begr\u00e4bnisse aller Konfessionen und auch f\u00fcr Urnenbestattungen ge\u00f6ffnet hat. Der St.Barbara-Friedhof ist heute eine bedeutende Kulturst\u00e4tte der Stadt Linz mit zahlreichen Kunstwerken, Kleindenkm\u00e4lern, Grabst\u00e4tten bekannter Linzer B\u00fcrger und zeitgem\u00e4\u00dfen Abschiedsr\u00e4umen.<br \/>\nDie wechselvolle Geschichte dieses Linzer Gottesackers und seine Bedeutung f\u00fcr die Gegenwart werden in diesem Buch dokumentiert und den Leserinnen und Lesern nahegebracht.<\/p>\n","protected":false},"excerpt":{"rendered":"<p>ISBN: 978-3-903040-03-8<\/p>\n<p>96 Seiten, zahlreiche Illustrationen<\/p>\n<p>Bestellnummer: 1502<\/p>\n","protected":false},"featured_media":3987,"comment_status":"closed","ping_status":"closed","template":"","meta":{"pgc_meta":"","kia_subtitle":"Franz X. Rohrhofer. Hrsg. von der St. Barbara-Gottesackerstiftung"},"product_cat":[126],"product_tag":[244,167],"acf":[],"_links":{"self":[{"href":"https:\/\/www.wagnerverlag.at\/content\/index.php?rest_route=\/wp\/v2\/product\/3131"}],"collection":[{"href":"https:\/\/www.wagnerverlag.at\/content\/index.php?rest_route=\/wp\/v2\/product"}],"about":[{"href":"https:\/\/www.wagnerverlag.at\/content\/index.php?rest_route=\/wp\/v2\/types\/product"}],"replies":[{"embeddable":true,"href":"https:\/\/www.wagnerverlag.at\/content\/index.php?rest_route=%2Fwp%2Fv2%2Fcomments&post=3131"}],"wp:featuredmedia":[{"embeddable":true,"href":"https:\/\/www.wagnerverlag.at\/content\/index.php?rest_route=\/wp\/v2\/media\/3987"}],"wp:attachment":[{"href":"https:\/\/www.wagnerverlag.at\/content\/index.php?rest_route=%2Fwp%2Fv2%2Fmedia&parent=3131"}],"wp:term":[{"taxonomy":"product_cat","embeddable":true,"href":"https:\/\/www.wagnerverlag.at\/content\/index.php?rest_route=%2Fwp%2Fv2%2Fproduct_cat&post=3131"},{"taxonomy":"product_tag","embeddable":true,"href":"https:\/\/www.wagnerverlag.at\/content\/index.php?rest_route=%2Fwp%2Fv2%2Fproduct_tag&post=3131"}],"curies":[{"name":"wp","href":"https:\/\/api.w.org\/{rel}","templated":true}]}}