{"id":3124,"date":"2015-09-23T17:15:54","date_gmt":"2015-09-23T16:15:54","guid":{"rendered":"http:\/\/www.wagnerverlag.at\/content\/?post_type=product&#038;p=3124"},"modified":"2017-07-07T10:30:26","modified_gmt":"2017-07-07T09:30:26","slug":"gottes-kinder-welten","status":"publish","type":"product","link":"https:\/\/www.wagnerverlag.at\/content\/?product=gottes-kinder-welten","title":{"rendered":"Gottes.Kinder.Welten"},"content":{"rendered":"<p style=\"text-align: justify;\">Gott liebt die Kinder. Mit dieser \u00dcberzeugung engagieren wir uns, so singen wir im Gottesdienst, diese frohe Botschaft wollen wir erfahrbar machen und vermitteln: damit m\u00f6glichst viele Kinder diese Zeit als \u201egl\u00fccklich\u201c erleben. Die Beitr\u00e4ge in diesem Buch zeigen dazu Wege auf. Sie beziehen sich auf jene Kontaktm\u00f6glichkeiten, die wir in der Kinderpastoral vorfinden \u2013 und f\u00fchren diese weiter. Sie laden ein, Kinder auf verantwortungsvolle, frohmachende und sinnstiftende Art ein St\u00fcck ihres Weges zu begleiten, auf dem sie auch Gott begegnen m\u00f6gen.<\/p>\n","protected":false},"excerpt":{"rendered":"<p>ISBN: 978-3-902330-96-3<\/p>\n<p>177 Seiten<\/p>\n<p>Bestellnummer: 1404<\/p>\n","protected":false},"featured_media":3996,"comment_status":"closed","ping_status":"closed","template":"","meta":{"pgc_meta":"","kia_subtitle":"Walter Krieger, Balthasar Sieberer (Hg.)"},"product_cat":[115],"product_tag":[276,175,158],"acf":[],"_links":{"self":[{"href":"https:\/\/www.wagnerverlag.at\/content\/index.php?rest_route=\/wp\/v2\/product\/3124"}],"collection":[{"href":"https:\/\/www.wagnerverlag.at\/content\/index.php?rest_route=\/wp\/v2\/product"}],"about":[{"href":"https:\/\/www.wagnerverlag.at\/content\/index.php?rest_route=\/wp\/v2\/types\/product"}],"replies":[{"embeddable":true,"href":"https:\/\/www.wagnerverlag.at\/content\/index.php?rest_route=%2Fwp%2Fv2%2Fcomments&post=3124"}],"wp:featuredmedia":[{"embeddable":true,"href":"https:\/\/www.wagnerverlag.at\/content\/index.php?rest_route=\/wp\/v2\/media\/3996"}],"wp:attachment":[{"href":"https:\/\/www.wagnerverlag.at\/content\/index.php?rest_route=%2Fwp%2Fv2%2Fmedia&parent=3124"}],"wp:term":[{"taxonomy":"product_cat","embeddable":true,"href":"https:\/\/www.wagnerverlag.at\/content\/index.php?rest_route=%2Fwp%2Fv2%2Fproduct_cat&post=3124"},{"taxonomy":"product_tag","embeddable":true,"href":"https:\/\/www.wagnerverlag.at\/content\/index.php?rest_route=%2Fwp%2Fv2%2Fproduct_tag&post=3124"}],"curies":[{"name":"wp","href":"https:\/\/api.w.org\/{rel}","templated":true}]}}