{"id":3123,"date":"2015-09-23T17:14:38","date_gmt":"2015-09-23T16:14:38","guid":{"rendered":"http:\/\/www.wagnerverlag.at\/content\/?post_type=product&#038;p=3123"},"modified":"2017-07-10T09:06:20","modified_gmt":"2017-07-10T08:06:20","slug":"stift-st-florian-im-oesterreichischen-erbfolgekrieg","status":"publish","type":"product","link":"https:\/\/www.wagnerverlag.at\/content\/?product=stift-st-florian-im-oesterreichischen-erbfolgekrieg","title":{"rendered":"Stift St. Florian im \u00d6sterreichischen Erbfolgekrieg. Johann Georg Wiesmayr (1732-1755) \u2013 Propst zwischen Kurf\u00fcrst und Kaiserin (1741-1742)"},"content":{"rendered":"<p style=\"text-align: justify;\">Jene Phase des \u00d6sterreichischen Erbfolgekrieges, die vor allem Ober- und Nieder\u00f6sterreich betraf, wird in der neueren Geschichtsschreibung nahezu ausgeblendet. Ein wichtiger Zeitzeuge und pers\u00f6nlich Betroffener war Propst Johann Georg Wiesmayr von St. Florian. In seinen tagebuchartigen Aufzeichnungen \u201eFlebile pro Memoria\u201c gibt er Einblick in die dramatisch verlaufenden Ereignisse 1741-42.<\/p>\n","protected":false},"excerpt":{"rendered":"<p>ISBN: 978-3-902330-87-1<\/p>\n<p>112 Seiten, farbig bebildert<\/p>\n<p>Bestellnummer: 1311<\/p>\n","protected":false},"featured_media":4027,"comment_status":"closed","ping_status":"closed","template":"","meta":{"pgc_meta":"","kia_subtitle":"Karl Rehberger, Christiane Wunschheim (Hg.)"},"product_cat":[126],"product_tag":[176,177],"acf":[],"_links":{"self":[{"href":"https:\/\/www.wagnerverlag.at\/content\/index.php?rest_route=\/wp\/v2\/product\/3123"}],"collection":[{"href":"https:\/\/www.wagnerverlag.at\/content\/index.php?rest_route=\/wp\/v2\/product"}],"about":[{"href":"https:\/\/www.wagnerverlag.at\/content\/index.php?rest_route=\/wp\/v2\/types\/product"}],"replies":[{"embeddable":true,"href":"https:\/\/www.wagnerverlag.at\/content\/index.php?rest_route=%2Fwp%2Fv2%2Fcomments&post=3123"}],"wp:featuredmedia":[{"embeddable":true,"href":"https:\/\/www.wagnerverlag.at\/content\/index.php?rest_route=\/wp\/v2\/media\/4027"}],"wp:attachment":[{"href":"https:\/\/www.wagnerverlag.at\/content\/index.php?rest_route=%2Fwp%2Fv2%2Fmedia&parent=3123"}],"wp:term":[{"taxonomy":"product_cat","embeddable":true,"href":"https:\/\/www.wagnerverlag.at\/content\/index.php?rest_route=%2Fwp%2Fv2%2Fproduct_cat&post=3123"},{"taxonomy":"product_tag","embeddable":true,"href":"https:\/\/www.wagnerverlag.at\/content\/index.php?rest_route=%2Fwp%2Fv2%2Fproduct_tag&post=3123"}],"curies":[{"name":"wp","href":"https:\/\/api.w.org\/{rel}","templated":true}]}}