{"id":3112,"date":"2015-09-23T17:00:25","date_gmt":"2015-09-23T16:00:25","guid":{"rendered":"http:\/\/www.wagnerverlag.at\/content\/?post_type=product&#038;p=3112"},"modified":"2017-07-07T10:31:24","modified_gmt":"2017-07-07T09:31:24","slug":"herwig-zens-mythos","status":"publish","type":"product","link":"https:\/\/www.wagnerverlag.at\/content\/?product=herwig-zens-mythos","title":{"rendered":"Herwig Zens \u201eMythos\u201c"},"content":{"rendered":"<p style=\"text-align: justify;\">Rast- und Ruhelosigkeit, unb\u00e4ndige Neugier und Entdeckerlust speisen die unersch\u00f6pfliche Energie des K\u00fcnstlers Herwig Zens, seine seit fr\u00fcher Jugend manisch ausgebeutete Kreativit\u00e4t. Sie muss festgehalten, dem Verlust im Strom der Zeit entrissen werden. \u201eVielleicht ist es \u00fcberhaupt die prinzipielle Frage des K\u00fcnstlers, der K\u00fcnstlerin, den Versuch zu starten, die Zeit zum Stillstand bringen zu wollen\u201c, so Zens.<\/p>\n","protected":false},"excerpt":{"rendered":"<p>ISBN:\u00a0 978-3-902330-88-8<\/p>\n<p>ca. 110 Seiten, zahlreiche farbige Abbildungen<\/p>\n<p>Bestellnummer: 1312<\/p>\n","protected":false},"featured_media":4029,"comment_status":"closed","ping_status":"closed","template":"","meta":{"pgc_meta":"","kia_subtitle":"Johann Winkler"},"product_cat":[333],"product_tag":[186],"acf":[],"_links":{"self":[{"href":"https:\/\/www.wagnerverlag.at\/content\/index.php?rest_route=\/wp\/v2\/product\/3112"}],"collection":[{"href":"https:\/\/www.wagnerverlag.at\/content\/index.php?rest_route=\/wp\/v2\/product"}],"about":[{"href":"https:\/\/www.wagnerverlag.at\/content\/index.php?rest_route=\/wp\/v2\/types\/product"}],"replies":[{"embeddable":true,"href":"https:\/\/www.wagnerverlag.at\/content\/index.php?rest_route=%2Fwp%2Fv2%2Fcomments&post=3112"}],"wp:featuredmedia":[{"embeddable":true,"href":"https:\/\/www.wagnerverlag.at\/content\/index.php?rest_route=\/wp\/v2\/media\/4029"}],"wp:attachment":[{"href":"https:\/\/www.wagnerverlag.at\/content\/index.php?rest_route=%2Fwp%2Fv2%2Fmedia&parent=3112"}],"wp:term":[{"taxonomy":"product_cat","embeddable":true,"href":"https:\/\/www.wagnerverlag.at\/content\/index.php?rest_route=%2Fwp%2Fv2%2Fproduct_cat&post=3112"},{"taxonomy":"product_tag","embeddable":true,"href":"https:\/\/www.wagnerverlag.at\/content\/index.php?rest_route=%2Fwp%2Fv2%2Fproduct_tag&post=3112"}],"curies":[{"name":"wp","href":"https:\/\/api.w.org\/{rel}","templated":true}]}}