{"id":3111,"date":"2015-09-23T16:58:59","date_gmt":"2015-09-23T15:58:59","guid":{"rendered":"http:\/\/www.wagnerverlag.at\/content\/?post_type=product&#038;p=3111"},"modified":"2016-07-04T09:40:49","modified_gmt":"2016-07-04T08:40:49","slug":"hans-riedler-lebenslaenglich-aktivist","status":"publish","type":"product","link":"https:\/\/www.wagnerverlag.at\/content\/?product=hans-riedler-lebenslaenglich-aktivist","title":{"rendered":"Hans Riedler \u2013 Lebensl\u00e4nglich Aktivist. Engagiert f\u00fcr bessere Lebens-Chancen und soziale Gerechtigkeit"},"content":{"rendered":"<p style=\"text-align: justify;\">Hans- Riedler \u2013 wer kennt nicht den unerm\u00fcdlichen Linzer Aktivisten und dessen Einsatz f\u00fcr soziale Projekte. Gepr\u00e4gt von Joseph Cardijns Kath. ArbeiterInnenjugend wurde er in der breiten \u00d6ffentlichkeit bekannt als Mitbegr\u00fcnder und Gesch\u00e4ftsf\u00fchrer der Bisch\u00f6flichen Arbeitslosenstiftung. Das Buch will zeigen: Hans Riedlers Lebensgeschichte steht f\u00fcr eine Generation von Menschen, die als junge Christen eine Kirche in Aufbruchstimmung erlebten und sich darin aktiv einbringen konnten.<\/p>\n","protected":false},"excerpt":{"rendered":"<p>ISBN:\u00a0 978-3-902330-85-7<\/p>\n<p>143 Seiten, zahlreiche Abbildungen und Fotos<\/p>\n<p>Bestellnummer: 1308<\/p>\n","protected":false},"featured_media":4005,"comment_status":"closed","ping_status":"closed","template":"","meta":{"pgc_meta":"","kia_subtitle":"Helmut Wagner"},"product_cat":[107],"product_tag":[187],"acf":[],"_links":{"self":[{"href":"https:\/\/www.wagnerverlag.at\/content\/index.php?rest_route=\/wp\/v2\/product\/3111"}],"collection":[{"href":"https:\/\/www.wagnerverlag.at\/content\/index.php?rest_route=\/wp\/v2\/product"}],"about":[{"href":"https:\/\/www.wagnerverlag.at\/content\/index.php?rest_route=\/wp\/v2\/types\/product"}],"replies":[{"embeddable":true,"href":"https:\/\/www.wagnerverlag.at\/content\/index.php?rest_route=%2Fwp%2Fv2%2Fcomments&post=3111"}],"wp:featuredmedia":[{"embeddable":true,"href":"https:\/\/www.wagnerverlag.at\/content\/index.php?rest_route=\/wp\/v2\/media\/4005"}],"wp:attachment":[{"href":"https:\/\/www.wagnerverlag.at\/content\/index.php?rest_route=%2Fwp%2Fv2%2Fmedia&parent=3111"}],"wp:term":[{"taxonomy":"product_cat","embeddable":true,"href":"https:\/\/www.wagnerverlag.at\/content\/index.php?rest_route=%2Fwp%2Fv2%2Fproduct_cat&post=3111"},{"taxonomy":"product_tag","embeddable":true,"href":"https:\/\/www.wagnerverlag.at\/content\/index.php?rest_route=%2Fwp%2Fv2%2Fproduct_tag&post=3111"}],"curies":[{"name":"wp","href":"https:\/\/api.w.org\/{rel}","templated":true}]}}