{"id":3105,"date":"2015-09-23T16:35:43","date_gmt":"2015-09-23T15:35:43","guid":{"rendered":"http:\/\/www.wagnerverlag.at\/content\/?post_type=product&#038;p=3105"},"modified":"2017-07-07T10:36:22","modified_gmt":"2017-07-07T09:36:22","slug":"faszination-skulptur","status":"publish","type":"product","link":"https:\/\/www.wagnerverlag.at\/content\/?product=faszination-skulptur","title":{"rendered":"Faszination Skulptur"},"content":{"rendered":"<p style=\"text-align: justify;\">Hubertus Mayr sieht sich als Bildhauer im Spannungsfeld von Kunst und Religion. \u201eWer einen Stein angreift, greift die Ewigkeit an\u201c, ist sein Leitspruch f\u00fcr die Arbeit an Steinskulpturen. Politische, gesellschaftliche, kirchliche oder pers\u00f6nliche Ereignisse veranlassen ihn, Steine durch neue Formung mit ihrem kosmischen Klang zum Sprechen zu bringen. Eine Reihe von bisher realisierten \u00f6ffentlichen Auftr\u00e4gen und Ausstellungen geben Zeugnis von der eindringlichen Sprache der von ihm geschaffenen Objekte. Besonders ber\u00fchrt es ihn, wenn Besucherinnen und Besucher sich angesichts der aufgerichteten Kunstwerke selbst aufrichten.<\/p>\n","protected":false},"excerpt":{"rendered":"<p>ISBN:\u00a0 978-3-902330-81-9<\/p>\n<p>123 Seiten, zahlreiche Abbildungen<\/p>\n<p>Bestellnummer: 1305<\/p>\n","protected":false},"featured_media":4012,"comment_status":"closed","ping_status":"closed","template":"","meta":{"pgc_meta":"","kia_subtitle":"Hubertus Mayr"},"product_cat":[333],"product_tag":[190],"acf":[],"_links":{"self":[{"href":"https:\/\/www.wagnerverlag.at\/content\/index.php?rest_route=\/wp\/v2\/product\/3105"}],"collection":[{"href":"https:\/\/www.wagnerverlag.at\/content\/index.php?rest_route=\/wp\/v2\/product"}],"about":[{"href":"https:\/\/www.wagnerverlag.at\/content\/index.php?rest_route=\/wp\/v2\/types\/product"}],"replies":[{"embeddable":true,"href":"https:\/\/www.wagnerverlag.at\/content\/index.php?rest_route=%2Fwp%2Fv2%2Fcomments&post=3105"}],"wp:featuredmedia":[{"embeddable":true,"href":"https:\/\/www.wagnerverlag.at\/content\/index.php?rest_route=\/wp\/v2\/media\/4012"}],"wp:attachment":[{"href":"https:\/\/www.wagnerverlag.at\/content\/index.php?rest_route=%2Fwp%2Fv2%2Fmedia&parent=3105"}],"wp:term":[{"taxonomy":"product_cat","embeddable":true,"href":"https:\/\/www.wagnerverlag.at\/content\/index.php?rest_route=%2Fwp%2Fv2%2Fproduct_cat&post=3105"},{"taxonomy":"product_tag","embeddable":true,"href":"https:\/\/www.wagnerverlag.at\/content\/index.php?rest_route=%2Fwp%2Fv2%2Fproduct_tag&post=3105"}],"curies":[{"name":"wp","href":"https:\/\/api.w.org\/{rel}","templated":true}]}}