{"id":3101,"date":"2015-09-23T16:27:03","date_gmt":"2015-09-23T15:27:03","guid":{"rendered":"http:\/\/www.wagnerverlag.at\/content\/?post_type=product&#038;p=3101"},"modified":"2017-07-07T10:36:48","modified_gmt":"2017-07-07T09:36:48","slug":"das-konzil-und-die-frauen","status":"publish","type":"product","link":"https:\/\/www.wagnerverlag.at\/content\/?product=das-konzil-und-die-frauen","title":{"rendered":"Das Konzil und die Frauen. Pionierinnen f\u00fcr Geschlechtergerechtigkeit in der katholischen Kirche"},"content":{"rendered":"<p style=\"text-align: justify;\">50 Jahre nach dem Zweiten Vatikanischen Konzil hat das frauenspezifische Engagement in der Kirche bereits ganz andere Voraussetzungen als damals. Aber trotz vieler Verbesserungen im Kirchenrecht, im Zugang zu Leitungsfunktionen in Pfarren und di\u00f6zesanen Gremien, trotz Entwicklungen hin zu frauengerechter Sprache und Liturgie in den letzten f\u00fcnf Jahrzehnten steht eine vollst\u00e4ndige rechtliche Gleichstellung von Frauen in der katholischen Kirche noch aus. Frauen, die sich zur Diakonin oder Priesterin berufen f\u00fchlen, stehen vor verschlossenen T\u00fcren. Weitgehend vergessen sind Pionierinnen, die schon zu Zeiten des Konzils Wegbegleiterinnen der Gleichstellung von Frauen in der Kirche waren: die Schweizer Juristin Gertrud Heinzelmann und die deutschen Theologinnen Iris M\u00fcller, Ida Raming und Josefa Theresia M\u00fcnch. Ihr Leben und Wirken stehen im Zentrum dieses Buches, das auch ihre schriftlichen Eingaben an das Konzil vorstellt.<\/p>\n","protected":false},"excerpt":{"rendered":"<p>ISBN:\u00a0 978-3-902330-79-6<\/p>\n<p>197 Seiten, s\/w Abbildungen<\/p>\n<p><span style=\"color: #ff0000;\"><a style=\"color: #ff0000;\" href=\"https:\/\/www.wagnerverlag.at\/content\/wp-content\/uploads\/2013\/04\/KonzilFrauenInhaltsverzeichnis.pdf\">Inhaltsverzeichnis<\/a><\/span><\/p>\n<p>Bestellnummer: 1302<\/p>\n","protected":false},"featured_media":4017,"comment_status":"closed","ping_status":"closed","template":"","meta":{"pgc_meta":"","kia_subtitle":"Maria Prieler-Woldan"},"product_cat":[111],"product_tag":[110],"acf":[],"_links":{"self":[{"href":"https:\/\/www.wagnerverlag.at\/content\/index.php?rest_route=\/wp\/v2\/product\/3101"}],"collection":[{"href":"https:\/\/www.wagnerverlag.at\/content\/index.php?rest_route=\/wp\/v2\/product"}],"about":[{"href":"https:\/\/www.wagnerverlag.at\/content\/index.php?rest_route=\/wp\/v2\/types\/product"}],"replies":[{"embeddable":true,"href":"https:\/\/www.wagnerverlag.at\/content\/index.php?rest_route=%2Fwp%2Fv2%2Fcomments&post=3101"}],"wp:featuredmedia":[{"embeddable":true,"href":"https:\/\/www.wagnerverlag.at\/content\/index.php?rest_route=\/wp\/v2\/media\/4017"}],"wp:attachment":[{"href":"https:\/\/www.wagnerverlag.at\/content\/index.php?rest_route=%2Fwp%2Fv2%2Fmedia&parent=3101"}],"wp:term":[{"taxonomy":"product_cat","embeddable":true,"href":"https:\/\/www.wagnerverlag.at\/content\/index.php?rest_route=%2Fwp%2Fv2%2Fproduct_cat&post=3101"},{"taxonomy":"product_tag","embeddable":true,"href":"https:\/\/www.wagnerverlag.at\/content\/index.php?rest_route=%2Fwp%2Fv2%2Fproduct_tag&post=3101"}],"curies":[{"name":"wp","href":"https:\/\/api.w.org\/{rel}","templated":true}]}}