{"id":3100,"date":"2015-09-23T16:24:33","date_gmt":"2015-09-23T15:24:33","guid":{"rendered":"http:\/\/www.wagnerverlag.at\/content\/?post_type=product&#038;p=3100"},"modified":"2017-07-10T09:08:01","modified_gmt":"2017-07-10T08:08:01","slug":"aus-meinem-leben","status":"publish","type":"product","link":"https:\/\/www.wagnerverlag.at\/content\/?product=aus-meinem-leben","title":{"rendered":"Aus meinem Leben"},"content":{"rendered":"<p style=\"text-align: justify;\">Es ist erfreulich, dass wir nun eine selbstverfasste Lebensbeschreibung von Rudolf\u00a0 Zinnhobler (geb. 1931) in H\u00e4nden halten. Der Linzer Kirchenhistoriker hat in seinem langen und h\u00f6chst produktiven Forscherleben auf vielen Feldern der ober\u00f6sterreichischen Kirchengeschichte einen Quantensprung bewirkt und eine neue Basis gelegt, auf der k\u00fcnftige Generationen aufbauen k\u00f6nnen. Sein wissenschaftliches Oeuvre reicht von der Fr\u00fchzeit des Christentums in Ufernorikum zur Zeit des Hl. Severin \u00fcber das Mittelalter mit dem monumentalen Werk \u201ePassauer Bistumsmatrikeln\u201c, hin zum josefinischen Staatskirchentum und den Arbeiten zur Bistumsregulierung bis zur Zeitgeschichte mit dem Standardwerk \u201eDas Bistum Linz im Dritten Reich\u201c oder dem Werk \u201eDer lange Weg der Kirche vom Ersten zum Zweiten Vatikanischen Konzil\u201c. \u00dcber alle wissenschaftliche Anerkennung hinaus aber wird deutlich: Rudolf Zinnhobler hat dem Ged\u00e4chtnis und der geschichtlichen Identit\u00e4t der Di\u00f6zese Linz einen unsch\u00e4tzbaren Dienst erwiesen.<\/p>\n","protected":false},"excerpt":{"rendered":"<p>ISBN: 978-902330-77-2<\/p>\n<p>89 Seiten, Abbildungen<\/p>\n<p><span style=\"color: #ff0000;\"><a style=\"color: #ff0000;\" href=\"https:\/\/www.wagnerverlag.at\/content\/wp-content\/uploads\/2013\/03\/Aus-meinem-Leben-Titelei-und-Inhalt.pdf\">Inhaltsverzeichnis<\/a><\/span><\/p>\n<p>Bestellnummer: 1215<\/p>\n","protected":false},"featured_media":4018,"comment_status":"closed","ping_status":"closed","template":"","meta":{"pgc_meta":"","kia_subtitle":"Rudolf Zinnhobler"},"product_cat":[107],"product_tag":[192],"acf":[],"_links":{"self":[{"href":"https:\/\/www.wagnerverlag.at\/content\/index.php?rest_route=\/wp\/v2\/product\/3100"}],"collection":[{"href":"https:\/\/www.wagnerverlag.at\/content\/index.php?rest_route=\/wp\/v2\/product"}],"about":[{"href":"https:\/\/www.wagnerverlag.at\/content\/index.php?rest_route=\/wp\/v2\/types\/product"}],"replies":[{"embeddable":true,"href":"https:\/\/www.wagnerverlag.at\/content\/index.php?rest_route=%2Fwp%2Fv2%2Fcomments&post=3100"}],"wp:featuredmedia":[{"embeddable":true,"href":"https:\/\/www.wagnerverlag.at\/content\/index.php?rest_route=\/wp\/v2\/media\/4018"}],"wp:attachment":[{"href":"https:\/\/www.wagnerverlag.at\/content\/index.php?rest_route=%2Fwp%2Fv2%2Fmedia&parent=3100"}],"wp:term":[{"taxonomy":"product_cat","embeddable":true,"href":"https:\/\/www.wagnerverlag.at\/content\/index.php?rest_route=%2Fwp%2Fv2%2Fproduct_cat&post=3100"},{"taxonomy":"product_tag","embeddable":true,"href":"https:\/\/www.wagnerverlag.at\/content\/index.php?rest_route=%2Fwp%2Fv2%2Fproduct_tag&post=3100"}],"curies":[{"name":"wp","href":"https:\/\/api.w.org\/{rel}","templated":true}]}}