{"id":3099,"date":"2015-09-23T16:21:31","date_gmt":"2015-09-23T15:21:31","guid":{"rendered":"http:\/\/www.wagnerverlag.at\/content\/?post_type=product&#038;p=3099"},"modified":"2017-07-10T09:08:14","modified_gmt":"2017-07-10T08:08:14","slug":"welternaehrung","status":"publish","type":"product","link":"https:\/\/www.wagnerverlag.at\/content\/?product=welternaehrung","title":{"rendered":"Weltern\u00e4hrung"},"content":{"rendered":"<p style=\"text-align: justify;\">Die Frage nach den M\u00f6glichkeiten der Ern\u00e4hrung der Erdbev\u00f6lkerung stellt sich heute in radikaler Form, da absolute Grenzen f\u00fcr die Ausweitung der Nahrungsmittelproduktion absehbar werden. Reichen, so m\u00fcssen wir fragen, die Kapazit\u00e4ten der Erde aus, um die immer noch wachsende Zahl von Menschen auf diesem Planeten mit gen\u00fcgend Nahrung zu versorgen?<br \/>\nZiel des im Herbst 2010 vom Forum St. Stephan veranstalteten Symposions\u00a0 \u201eWeltern\u00e4hrung\u201c war es, die hier zum Tragen kommenden Einfluss- und Wirkfaktoren darzulegen. Dadurch sollen auch sachliche Grundlagen f\u00fcr pers\u00f6nliche und politische Handlungen aufgezeigt werden, die nachfolgenden Generationen eine gerechtere Lebensgrundlage erm\u00f6glichen.<\/p>\n","protected":false},"excerpt":{"rendered":"<p>ISBN:\u00a0 978-3-902330-76-5<\/p>\n<p>170 Seiten, Abbildungen<\/p>\n<p><span style=\"color: #ff0000;\"><a style=\"color: #ff0000;\" href=\"https:\/\/www.wagnerverlag.at\/content\/wp-content\/uploads\/2012\/11\/Inhaltsverzeichnis-Weltern\u00e4hrung.pdf\">Inhaltsverzeichnis<\/a><\/span><\/p>\n<p>Bestellnummer: 1214<\/p>\n","protected":false},"featured_media":4020,"comment_status":"closed","ping_status":"closed","template":"","meta":{"pgc_meta":"","kia_subtitle":"Reinhart K\u00f6gerler (Hg.)"},"product_cat":[129],"product_tag":[193],"acf":[],"_links":{"self":[{"href":"https:\/\/www.wagnerverlag.at\/content\/index.php?rest_route=\/wp\/v2\/product\/3099"}],"collection":[{"href":"https:\/\/www.wagnerverlag.at\/content\/index.php?rest_route=\/wp\/v2\/product"}],"about":[{"href":"https:\/\/www.wagnerverlag.at\/content\/index.php?rest_route=\/wp\/v2\/types\/product"}],"replies":[{"embeddable":true,"href":"https:\/\/www.wagnerverlag.at\/content\/index.php?rest_route=%2Fwp%2Fv2%2Fcomments&post=3099"}],"wp:featuredmedia":[{"embeddable":true,"href":"https:\/\/www.wagnerverlag.at\/content\/index.php?rest_route=\/wp\/v2\/media\/4020"}],"wp:attachment":[{"href":"https:\/\/www.wagnerverlag.at\/content\/index.php?rest_route=%2Fwp%2Fv2%2Fmedia&parent=3099"}],"wp:term":[{"taxonomy":"product_cat","embeddable":true,"href":"https:\/\/www.wagnerverlag.at\/content\/index.php?rest_route=%2Fwp%2Fv2%2Fproduct_cat&post=3099"},{"taxonomy":"product_tag","embeddable":true,"href":"https:\/\/www.wagnerverlag.at\/content\/index.php?rest_route=%2Fwp%2Fv2%2Fproduct_tag&post=3099"}],"curies":[{"name":"wp","href":"https:\/\/api.w.org\/{rel}","templated":true}]}}